{"id":2312396,"date":"2025-07-25T00:59:18","date_gmt":"2025-07-24T22:59:18","guid":{"rendered":"https:\/\/streetmarkets.fr\/app\/produit\/charms-syla\/"},"modified":"2026-05-12T00:58:49","modified_gmt":"2026-05-11T22:58:49","slug":"charms-syla","status":"publish","type":"product","link":"https:\/\/streetmarkets.fr\/app\/produit\/charms-syla\/","title":{"rendered":"Charms Syla"},"content":{"rendered":"<p>Charm Syla : Deux pierres, mille reflets !\u00a0<br \/>Un carr\u00e9 kaki facett\u00e9, une goutte zircon transparente : le duo inattendu qui capte la lumi\u00e8re. Le charm Syla joue avec les contrastes de formes et de couleurs pour ajouter une touche subtilement pr\u00e9cieuse \u00e0 nos cr\u00e9oles. \u00c0 enfiler sur nos bases mono-boucles, pour une oreille qui change de look en un clic.<\/p>\n<p>Ce qu\u2019on aime :<br data-start=\"534\" data-end=\"537\">\u2013 L\u2019association graphique du kaki et du cristal.<br data-start=\"584\" data-end=\"587\">\u2013 Le m\u00e9lange des formes : carr\u00e9 + goutte.<br data-start=\"627\" data-end=\"630\">\u2013 Une touche bijou sans effort.<br data-start=\"660\" data-end=\"663\">\u2013 Compatible avec toutes nos bases mono boucle.<\/p>\n","protected":false},"excerpt":{"rendered":"<p>Charm Syla : Deux pierres, mille reflets !\u00a0Un carr\u00e9 kaki facett\u00e9, une goutte zircon transparente : le duo inattendu qui capte la lumi\u00e8re. Le charm Syla joue avec les contrastes de formes et de couleurs pour ajouter une touche subtilement pr\u00e9cieuse \u00e0 nos cr\u00e9oles. \u00c0 enfiler sur nos bases mono-boucles, pour une oreille qui change [&hellip;]<\/p>\n","protected":false},"featured_media":2312397,"comment_status":"open","ping_status":"closed","template":"","meta":[],"product_brand":[],"product_cat":[1807,1756],"product_tag":[1813],"acf":[],"_links":{"self":[{"href":"https:\/\/streetmarkets.fr\/app\/wp-json\/wp\/v2\/product\/2312396"}],"collection":[{"href":"https:\/\/streetmarkets.fr\/app\/wp-json\/wp\/v2\/product"}],"about":[{"href":"https:\/\/streetmarkets.fr\/app\/wp-json\/wp\/v2\/types\/product"}],"replies":[{"embeddable":true,"href":"https:\/\/streetmarkets.fr\/app\/wp-json\/wp\/v2\/comments?post=2312396"}],"wp:featuredmedia":[{"embeddable":true,"href":"https:\/\/streetmarkets.fr\/app\/wp-json\/wp\/v2\/media\/2312397"}],"wp:attachment":[{"href":"https:\/\/streetmarkets.fr\/app\/wp-json\/wp\/v2\/media?parent=2312396"}],"wp:term":[{"taxonomy":"product_brand","embeddable":true,"href":"https:\/\/streetmarkets.fr\/app\/wp-json\/wp\/v2\/product_brand?post=2312396"},{"taxonomy":"product_cat","embeddable":true,"href":"https:\/\/streetmarkets.fr\/app\/wp-json\/wp\/v2\/product_cat?post=2312396"},{"taxonomy":"product_tag","embeddable":true,"href":"https:\/\/streetmarkets.fr\/app\/wp-json\/wp\/v2\/product_tag?post=2312396"}],"curies":[{"name":"wp","href":"https:\/\/api.w.org\/{rel}","templated":true}]}}