{"id":2299790,"date":"2025-07-23T01:35:28","date_gmt":"2025-07-22T23:35:28","guid":{"rendered":"https:\/\/streetmarkets.fr\/app\/produit\/veste-barbes-leopard\/"},"modified":"2026-05-09T01:15:50","modified_gmt":"2026-05-08T23:15:50","slug":"veste-barbes-leopard","status":"publish","type":"product","link":"https:\/\/streetmarkets.fr\/app\/produit\/veste-barbes-leopard\/","title":{"rendered":"Veste Barb\u00e8s &#8211; L\u00e9opard"},"content":{"rendered":"<p><span><a href=\"\/collections\/rive-droite-paris\" title=\"Collection Rive Droite Paris\"><strong>Collection Rive Droite Paris<\/strong><\/a><\/span><\/p>\n<p data-pm-slice=\"1 1 []\"><span>D\u00e9couvrez Barb\u00e8s la veste Worker dans sa version L\u00e9opard ! Unisexe et intemporelle, cette pi\u00e8ce s\u2019imposera dans votre vestiaire durable avec style et caract\u00e8re.<\/span><\/p>\n<p><span>Inspir\u00e9e des vestes Worker iconiques, elle arbore une coupe droite impeccable, sublim\u00e9e par deux poches plaqu\u00e9es et des boutons en Corozo, un mat\u00e9riau naturel issu des graines de palmier. Confectionn\u00e9e en polycoton recycl\u00e9 et imprim\u00e9e en Espagne, elle allie qualit\u00e9 et engagement \u00e9thique.<\/span><\/p>\n<p><span>Polyvalente, la veste Barb\u00e8s L\u00e9opard se porte facilement sur un t-shirt ou un sweat \u00e0 capuche, ou encore en sur-chemise sous un manteau long et vous accompagnera toute l&#8217;ann\u00e9e.<\/span><\/p>\n<p dir=\"ltr\"><span>Paula mesure 1m77 et porte la taille 1, Valentin mesure 1m80 et porte la taille 3.<\/span><\/p>\n<ul>\n<li style=\"list-style-type: none\">\n<ul>\n<li>\n<strong>Composition<\/strong><span>\u00a0<\/span>:<br \/>\n<span>Polycoton recycl\u00e9 imprim\u00e9<\/span><span>\u00a0&#8211; 70% coton recycl\u00e9, 30% polyester recycl\u00e9.<\/span>\n<\/li>\n<li>\n<span><strong>Emballage :\u00a0<\/strong><\/span>Ce produit est emball\u00e9 avec soin dans un pochon en coton r\u00e9utilisable avec un lien coulissant.<strong><\/strong>\n<\/li>\n<li>\n<p><strong>Conseils d&#8217;entretien<\/strong><span>\u00a0<\/span><span>: Nettoyage \u00e0 sec.<\/span><strong><\/strong><\/p>\n<\/li>\n<\/ul>\n<\/li>\n<\/ul>\n","protected":false},"excerpt":{"rendered":"<p>Collection Rive Droite Paris D\u00e9couvrez Barb\u00e8s la veste Worker dans sa version L\u00e9opard ! Unisexe et intemporelle, cette pi\u00e8ce s\u2019imposera dans votre vestiaire durable avec style et caract\u00e8re. Inspir\u00e9e des vestes Worker iconiques, elle arbore une coupe droite impeccable, sublim\u00e9e par deux poches plaqu\u00e9es et des boutons en Corozo, un mat\u00e9riau naturel issu des graines [&hellip;]<\/p>\n","protected":false},"featured_media":2299791,"comment_status":"open","ping_status":"closed","template":"","meta":[],"product_brand":[],"product_cat":[1756,1762],"product_tag":[2244,1811],"acf":[],"_links":{"self":[{"href":"https:\/\/streetmarkets.fr\/app\/wp-json\/wp\/v2\/product\/2299790"}],"collection":[{"href":"https:\/\/streetmarkets.fr\/app\/wp-json\/wp\/v2\/product"}],"about":[{"href":"https:\/\/streetmarkets.fr\/app\/wp-json\/wp\/v2\/types\/product"}],"replies":[{"embeddable":true,"href":"https:\/\/streetmarkets.fr\/app\/wp-json\/wp\/v2\/comments?post=2299790"}],"wp:featuredmedia":[{"embeddable":true,"href":"https:\/\/streetmarkets.fr\/app\/wp-json\/wp\/v2\/media\/2299791"}],"wp:attachment":[{"href":"https:\/\/streetmarkets.fr\/app\/wp-json\/wp\/v2\/media?parent=2299790"}],"wp:term":[{"taxonomy":"product_brand","embeddable":true,"href":"https:\/\/streetmarkets.fr\/app\/wp-json\/wp\/v2\/product_brand?post=2299790"},{"taxonomy":"product_cat","embeddable":true,"href":"https:\/\/streetmarkets.fr\/app\/wp-json\/wp\/v2\/product_cat?post=2299790"},{"taxonomy":"product_tag","embeddable":true,"href":"https:\/\/streetmarkets.fr\/app\/wp-json\/wp\/v2\/product_tag?post=2299790"}],"curies":[{"name":"wp","href":"https:\/\/api.w.org\/{rel}","templated":true}]}}