{"id":2285963,"date":"2025-07-21T01:23:39","date_gmt":"2025-07-20T23:23:39","guid":{"rendered":"https:\/\/streetmarkets.fr\/app\/produit\/kits-de-boutons\/"},"modified":"2026-04-18T01:16:54","modified_gmt":"2026-04-17T23:16:54","slug":"kits-de-boutons","status":"publish","type":"product","link":"https:\/\/streetmarkets.fr\/app\/produit\/kits-de-boutons\/","title":{"rendered":"Kit de Boutons"},"content":{"rendered":"<div id=\"product-description-short-41\" class=\"rte-content\">\n<strong><a href=\"\/collections\/coucou-suzette\" title=\"Collection Coucou Suzette\">Collection Coucou Suzette<\/a><\/strong><strong><\/strong>\n<\/div>\n<div class=\"rte-content\">\n<strong><\/strong>\n<\/div>\n<div class=\"rte-content\">\n<p><span>Pour transformer un gilet basique en petit bijou d\u2019originalit\u00e9, on a la solution : lui changer les boutons ! Exit les tout ronds, et bienvenue \u00e0 ces magnifiques petites fleurs et parfaits coeurs rouges.\u00a0<\/span><\/p>\n<p><span>Un DIY accessible \u00e0 tou.te.s pour des v\u00eatements uniques au monde !<\/span><\/p>\n<p><span><\/span>Ces boutons sont fabriqu\u00e9s \u00e0 partir d&#8217;Acetate de Cellulose recycl\u00e9e &amp; biod\u00e9gradable (Eco-Friendly).<\/p>\n<\/div>\n<div class=\"rte-content\">\n<div id=\"product-description-short-123\" class=\"rte-content\">\n<ul>\n<li>\n<em>Chaque cr\u00e9ation est unique, la couleur peut varier l\u00e9g\u00e8rement selon le morceau d&#8217;ac\u00e9tate utilis\u00e9<\/em><em><\/em>\n<\/li>\n<li><em><span>Fabriqu\u00e9s en Chine dans une usine audit\u00e9e<\/span><\/em><\/li>\n<li><em>Conseils d\u2019utilisation : \u00e9viter le contact avec l\u2019eau<\/em><\/li>\n<\/ul>\n<p>Dimensions coeur : environ 2 cm x 2 cm<\/p>\n<p>Dimensions p\u00e2querette : environ 2 cm x 2 cm<\/p>\n<p>Dimensions pens\u00e9e : environ 2,1 cm x 2,3 cm<\/p>\n<\/div>\n<\/div>\n","protected":false},"excerpt":{"rendered":"<p>Collection Coucou Suzette Pour transformer un gilet basique en petit bijou d\u2019originalit\u00e9, on a la solution : lui changer les boutons ! Exit les tout ronds, et bienvenue \u00e0 ces magnifiques petites fleurs et parfaits coeurs rouges.\u00a0 Un DIY accessible \u00e0 tou.te.s pour des v\u00eatements uniques au monde ! Ces boutons sont fabriqu\u00e9s \u00e0 partir [&hellip;]<\/p>\n","protected":false},"featured_media":2285964,"comment_status":"open","ping_status":"closed","template":"","meta":[],"product_brand":[],"product_cat":[1756,1764],"product_tag":[2244,1813],"acf":[],"_links":{"self":[{"href":"https:\/\/streetmarkets.fr\/app\/wp-json\/wp\/v2\/product\/2285963"}],"collection":[{"href":"https:\/\/streetmarkets.fr\/app\/wp-json\/wp\/v2\/product"}],"about":[{"href":"https:\/\/streetmarkets.fr\/app\/wp-json\/wp\/v2\/types\/product"}],"replies":[{"embeddable":true,"href":"https:\/\/streetmarkets.fr\/app\/wp-json\/wp\/v2\/comments?post=2285963"}],"wp:featuredmedia":[{"embeddable":true,"href":"https:\/\/streetmarkets.fr\/app\/wp-json\/wp\/v2\/media\/2285964"}],"wp:attachment":[{"href":"https:\/\/streetmarkets.fr\/app\/wp-json\/wp\/v2\/media?parent=2285963"}],"wp:term":[{"taxonomy":"product_brand","embeddable":true,"href":"https:\/\/streetmarkets.fr\/app\/wp-json\/wp\/v2\/product_brand?post=2285963"},{"taxonomy":"product_cat","embeddable":true,"href":"https:\/\/streetmarkets.fr\/app\/wp-json\/wp\/v2\/product_cat?post=2285963"},{"taxonomy":"product_tag","embeddable":true,"href":"https:\/\/streetmarkets.fr\/app\/wp-json\/wp\/v2\/product_tag?post=2285963"}],"curies":[{"name":"wp","href":"https:\/\/api.w.org\/{rel}","templated":true}]}}