{"id":2285895,"date":"2025-07-20T08:41:00","date_gmt":"2025-07-20T06:41:00","guid":{"rendered":"https:\/\/streetmarkets.fr\/app\/produit\/sac-assia-l-tea-sovani\/"},"modified":"2026-04-14T08:38:50","modified_gmt":"2026-04-14T06:38:50","slug":"sac-assia-l-tea-sovani","status":"publish","type":"product","link":"https:\/\/streetmarkets.fr\/app\/produit\/sac-assia-l-tea-sovani\/","title":{"rendered":"Sac Assia L tea &#8211; Sovani"},"content":{"rendered":"<p><span>&#8211; Sac cabas en raphia fabriqu\u00e9 \u00e0 la main, il est dot\u00e9 de anses en cuir en coloris marron fonc\u00e9 permettant de le porter \u00e0 l&#8217;\u00e9paule.\u00a0<\/span><\/p>\n<p><span>&#8211; Poche int\u00e9rieure<\/span><\/p>\n<p><span>&#8211; 100% naturel et fabriqu\u00e9 \u00e0 Madagascar<\/span><\/p>\n<p>Dimensions : Hauteur : 32 cm + 23 cm hauteur anse cuir \/ largeur 50 cm<\/p>\n<p>\u00a0<\/p>\n","protected":false},"excerpt":{"rendered":"<p>&#8211; Sac cabas en raphia fabriqu\u00e9 \u00e0 la main, il est dot\u00e9 de anses en cuir en coloris marron fonc\u00e9 permettant de le porter \u00e0 l&#8217;\u00e9paule.\u00a0 &#8211; Poche int\u00e9rieure &#8211; 100% naturel et fabriqu\u00e9 \u00e0 Madagascar Dimensions : Hauteur : 32 cm + 23 cm hauteur anse cuir \/ largeur 50 cm \u00a0<\/p>\n","protected":false},"featured_media":2285896,"comment_status":"open","ping_status":"closed","template":"","meta":[],"product_brand":[],"product_cat":[1756,1764],"product_tag":[2244],"acf":[],"_links":{"self":[{"href":"https:\/\/streetmarkets.fr\/app\/wp-json\/wp\/v2\/product\/2285895"}],"collection":[{"href":"https:\/\/streetmarkets.fr\/app\/wp-json\/wp\/v2\/product"}],"about":[{"href":"https:\/\/streetmarkets.fr\/app\/wp-json\/wp\/v2\/types\/product"}],"replies":[{"embeddable":true,"href":"https:\/\/streetmarkets.fr\/app\/wp-json\/wp\/v2\/comments?post=2285895"}],"wp:featuredmedia":[{"embeddable":true,"href":"https:\/\/streetmarkets.fr\/app\/wp-json\/wp\/v2\/media\/2285896"}],"wp:attachment":[{"href":"https:\/\/streetmarkets.fr\/app\/wp-json\/wp\/v2\/media?parent=2285895"}],"wp:term":[{"taxonomy":"product_brand","embeddable":true,"href":"https:\/\/streetmarkets.fr\/app\/wp-json\/wp\/v2\/product_brand?post=2285895"},{"taxonomy":"product_cat","embeddable":true,"href":"https:\/\/streetmarkets.fr\/app\/wp-json\/wp\/v2\/product_cat?post=2285895"},{"taxonomy":"product_tag","embeddable":true,"href":"https:\/\/streetmarkets.fr\/app\/wp-json\/wp\/v2\/product_tag?post=2285895"}],"curies":[{"name":"wp","href":"https:\/\/api.w.org\/{rel}","templated":true}]}}