{"id":2272873,"date":"2025-07-19T02:09:24","date_gmt":"2025-07-19T00:09:24","guid":{"rendered":"https:\/\/streetmarkets.fr\/app\/produit\/nouveau-pomandere-pull-en-laine-anthracite\/"},"modified":"2026-03-18T01:02:45","modified_gmt":"2026-03-18T00:02:45","slug":"nouveau-pomandere-pull-en-laine-anthracite","status":"publish","type":"product","link":"https:\/\/streetmarkets.fr\/app\/produit\/nouveau-pomandere-pull-en-laine-anthracite\/","title":{"rendered":"POMAND\u00c8RE Pull en Laine Anthracite"},"content":{"rendered":"<p data-rte-preserve-empty=\"true\">Pull en laine coupe ample, d\u00e9collet\u00e9 en v orn\u00e9 d\u2019un col, manches longues et poignets resserr\u00e9s, emmanchure large. Maille chaude, souple et \u00e9l\u00e9gante. <\/p>\n<p data-rte-preserve-empty=\"true\">D\u00e9tail : 90% laine merinos, 10% cachemire <\/p>\n","protected":false},"excerpt":{"rendered":"<p>Pull en laine coupe ample, d\u00e9collet\u00e9 en v orn\u00e9 d\u2019un col, manches longues et poignets resserr\u00e9s, emmanchure large. Maille chaude, souple et \u00e9l\u00e9gante. D\u00e9tail : 90% laine merinos, 10% cachemire<\/p>\n","protected":false},"featured_media":2272874,"comment_status":"open","ping_status":"closed","template":"","meta":[],"product_brand":[],"product_cat":[1756,1762],"product_tag":[2244],"acf":[],"_links":{"self":[{"href":"https:\/\/streetmarkets.fr\/app\/wp-json\/wp\/v2\/product\/2272873"}],"collection":[{"href":"https:\/\/streetmarkets.fr\/app\/wp-json\/wp\/v2\/product"}],"about":[{"href":"https:\/\/streetmarkets.fr\/app\/wp-json\/wp\/v2\/types\/product"}],"replies":[{"embeddable":true,"href":"https:\/\/streetmarkets.fr\/app\/wp-json\/wp\/v2\/comments?post=2272873"}],"wp:featuredmedia":[{"embeddable":true,"href":"https:\/\/streetmarkets.fr\/app\/wp-json\/wp\/v2\/media\/2272874"}],"wp:attachment":[{"href":"https:\/\/streetmarkets.fr\/app\/wp-json\/wp\/v2\/media?parent=2272873"}],"wp:term":[{"taxonomy":"product_brand","embeddable":true,"href":"https:\/\/streetmarkets.fr\/app\/wp-json\/wp\/v2\/product_brand?post=2272873"},{"taxonomy":"product_cat","embeddable":true,"href":"https:\/\/streetmarkets.fr\/app\/wp-json\/wp\/v2\/product_cat?post=2272873"},{"taxonomy":"product_tag","embeddable":true,"href":"https:\/\/streetmarkets.fr\/app\/wp-json\/wp\/v2\/product_tag?post=2272873"}],"curies":[{"name":"wp","href":"https:\/\/api.w.org\/{rel}","templated":true}]}}