{"id":2272481,"date":"2025-07-19T00:56:18","date_gmt":"2025-07-18T22:56:18","guid":{"rendered":"https:\/\/streetmarkets.fr\/app\/produit\/salopette-gaz-de-coton-ocre\/"},"modified":"2026-05-13T00:55:49","modified_gmt":"2026-05-12T22:55:49","slug":"salopette-gaz-de-coton-ocre","status":"publish","type":"product","link":"https:\/\/streetmarkets.fr\/app\/produit\/salopette-gaz-de-coton-ocre\/","title":{"rendered":"Salopette gaz de coton &#8211; ocre"},"content":{"rendered":"<p><span>Cette jolie salopette couleur <\/span><span>ocre<\/span><span> est facile et agr\u00e9able \u00e0 porter. Elle vous accompagnera pendant toute la saison printemps\/\u00e9t\u00e9. <\/span><\/p>\n<p><span> Fabriqu\u00e9e au Portugal. <\/span><\/p>\n<p><span>D\u00c9TAILS \u200e \u200e \u200e <\/span><\/p>\n<p><span>&#8211; Couleur : <\/span><span>ocre, broderie beige<\/span><span><\/span><\/p>\n<p><span>&#8211; Une poche plaqu\u00e9e sur le devant, deux poches plaqu\u00e9es arri\u00e8re<\/span><\/p>\n<p><span>&#8211; Fermetures \u00e0 boutons sur les c\u00f4t\u00e9s et ajustement au niveau des bretelles, boutons corozo<\/span><\/p>\n<p><span>&#8211; L\u00e9g\u00e8rement \u00e9vasive au niveau des jambes.<\/span><\/p>\n<p><span>COMPOSITION <\/span><\/p>\n<p><span>&#8211; Salopette en gaze de coton, 100% coton organique avec son fil d\u2019origine certifi\u00e9 GOTS\u00ae <\/span><\/p>\n<p><span>&#8211; Teinture \/ impression Oeko-Tex\u00ae standard 100<\/span><\/p>\n<p><span>LE CONSEIL D&#8217;ASTRID <\/span><\/p>\n<p><span>Pour vos balades ensoleill\u00e9es, portez cette salopette avec un t-shirt de la marque.<\/span><\/p>\n<p><span> CONSEILS D&#8217;ENTRETIEN <\/span><\/p>\n<p><span>&#8211; Lavage d\u00e9licat 30\u00b0C. <\/span><\/p>\n<p><span>LA MARQUE <\/span><\/p>\n<p><span>&#8211; La mode f\u00e9minine citadine et nature du pays basque &#8211; <\/span><\/p>\n<p><span>Graine Clothing, a \u00e9t\u00e9 cr\u00e9e par un duo p\u00e8re-fille imaginant les essentiels conjuguant vie citadine et quotidien en pleine nature. Une mode imagin\u00e9e par Chlo\u00e9 en r\u00e9f\u00e9rence \u00e0 son potager clandestin, qui s\u2019inspire des saisons qui nous traversent.<\/span><\/p>\n","protected":false},"excerpt":{"rendered":"<p>Cette jolie salopette couleur ocre est facile et agr\u00e9able \u00e0 porter. Elle vous accompagnera pendant toute la saison printemps\/\u00e9t\u00e9. Fabriqu\u00e9e au Portugal. D\u00c9TAILS \u200e \u200e \u200e &#8211; Couleur : ocre, broderie beige &#8211; Une poche plaqu\u00e9e sur le devant, deux poches plaqu\u00e9es arri\u00e8re &#8211; Fermetures \u00e0 boutons sur les c\u00f4t\u00e9s et ajustement au niveau des [&hellip;]<\/p>\n","protected":false},"featured_media":2272482,"comment_status":"open","ping_status":"closed","template":"","meta":[],"product_brand":[],"product_cat":[1756,1762],"product_tag":[1813],"acf":[],"_links":{"self":[{"href":"https:\/\/streetmarkets.fr\/app\/wp-json\/wp\/v2\/product\/2272481"}],"collection":[{"href":"https:\/\/streetmarkets.fr\/app\/wp-json\/wp\/v2\/product"}],"about":[{"href":"https:\/\/streetmarkets.fr\/app\/wp-json\/wp\/v2\/types\/product"}],"replies":[{"embeddable":true,"href":"https:\/\/streetmarkets.fr\/app\/wp-json\/wp\/v2\/comments?post=2272481"}],"wp:featuredmedia":[{"embeddable":true,"href":"https:\/\/streetmarkets.fr\/app\/wp-json\/wp\/v2\/media\/2272482"}],"wp:attachment":[{"href":"https:\/\/streetmarkets.fr\/app\/wp-json\/wp\/v2\/media?parent=2272481"}],"wp:term":[{"taxonomy":"product_brand","embeddable":true,"href":"https:\/\/streetmarkets.fr\/app\/wp-json\/wp\/v2\/product_brand?post=2272481"},{"taxonomy":"product_cat","embeddable":true,"href":"https:\/\/streetmarkets.fr\/app\/wp-json\/wp\/v2\/product_cat?post=2272481"},{"taxonomy":"product_tag","embeddable":true,"href":"https:\/\/streetmarkets.fr\/app\/wp-json\/wp\/v2\/product_tag?post=2272481"}],"curies":[{"name":"wp","href":"https:\/\/api.w.org\/{rel}","templated":true}]}}