{"id":2272462,"date":"2025-07-19T00:49:40","date_gmt":"2025-07-18T22:49:40","guid":{"rendered":"https:\/\/streetmarkets.fr\/app\/produit\/steel-casquette-cycliste-white\/"},"modified":"2026-05-13T00:49:05","modified_gmt":"2026-05-12T22:49:05","slug":"steel-casquette-cycliste-white","status":"publish","type":"product","link":"https:\/\/streetmarkets.fr\/app\/produit\/steel-casquette-cycliste-white\/","title":{"rendered":"Steel Casquette Cycliste White"},"content":{"rendered":"<p>La Steel Casquette Cycliste est unique et inspir\u00e9e des casquettes de Baseball. Sobre, \u00e9l\u00e9gante, voire ind\u00e9modable, cette casquette a \u00e9t\u00e9 fabriqu\u00e9e en Italie pour LE fabricant de casquette Headdy.<br \/>Cette casquette est fabriqu\u00e9e \u00e0 partir d&#8217;un tissu en cotton. Aussi, elle est arbor\u00e9e de deux logos s\u00e9rigraphi\u00e9s en noir. Le S de Steel est plac\u00e9e sur l&#8217;avant, ainsi qu&#8217;un logo Steel, en lettre capitale, \u00e0 l&#8217;arri\u00e8re. Autant dire que cette casquette est con\u00e7u pour durer !<\/p>\n","protected":false},"excerpt":{"rendered":"<p>La Steel Casquette Cycliste est unique et inspir\u00e9e des casquettes de Baseball. Sobre, \u00e9l\u00e9gante, voire ind\u00e9modable, cette casquette a \u00e9t\u00e9 fabriqu\u00e9e en Italie pour LE fabricant de casquette Headdy.Cette casquette est fabriqu\u00e9e \u00e0 partir d&#8217;un tissu en cotton. Aussi, elle est arbor\u00e9e de deux logos s\u00e9rigraphi\u00e9s en noir. Le S de Steel est plac\u00e9e sur [&hellip;]<\/p>\n","protected":false},"featured_media":2272463,"comment_status":"open","ping_status":"closed","template":"","meta":[],"product_brand":[],"product_cat":[1756,1764,1760],"product_tag":[2244,1813],"acf":[],"_links":{"self":[{"href":"https:\/\/streetmarkets.fr\/app\/wp-json\/wp\/v2\/product\/2272462"}],"collection":[{"href":"https:\/\/streetmarkets.fr\/app\/wp-json\/wp\/v2\/product"}],"about":[{"href":"https:\/\/streetmarkets.fr\/app\/wp-json\/wp\/v2\/types\/product"}],"replies":[{"embeddable":true,"href":"https:\/\/streetmarkets.fr\/app\/wp-json\/wp\/v2\/comments?post=2272462"}],"wp:featuredmedia":[{"embeddable":true,"href":"https:\/\/streetmarkets.fr\/app\/wp-json\/wp\/v2\/media\/2272463"}],"wp:attachment":[{"href":"https:\/\/streetmarkets.fr\/app\/wp-json\/wp\/v2\/media?parent=2272462"}],"wp:term":[{"taxonomy":"product_brand","embeddable":true,"href":"https:\/\/streetmarkets.fr\/app\/wp-json\/wp\/v2\/product_brand?post=2272462"},{"taxonomy":"product_cat","embeddable":true,"href":"https:\/\/streetmarkets.fr\/app\/wp-json\/wp\/v2\/product_cat?post=2272462"},{"taxonomy":"product_tag","embeddable":true,"href":"https:\/\/streetmarkets.fr\/app\/wp-json\/wp\/v2\/product_tag?post=2272462"}],"curies":[{"name":"wp","href":"https:\/\/api.w.org\/{rel}","templated":true}]}}