{"id":2272447,"date":"2025-07-18T08:41:16","date_gmt":"2025-07-18T06:41:16","guid":{"rendered":"https:\/\/streetmarkets.fr\/app\/produit\/collier-fleur-virginie-berman\/"},"modified":"2026-05-08T08:38:30","modified_gmt":"2026-05-08T06:38:30","slug":"collier-fleur-virginie-berman","status":"publish","type":"product","link":"https:\/\/streetmarkets.fr\/app\/produit\/collier-fleur-virginie-berman\/","title":{"rendered":"Collier Fleur &#8211; Virginie Berman"},"content":{"rendered":"<div class=\"post-excerpt\">\n<p>Laiton dor\u00e9 \u00e0 l&#8217;or fin 18 k<\/p>\n<p>Longueur de la chaine\u00a0 : 38 cm + 7 cm de chainette de reglage<\/p>\n<p>Diam\u00e8tre du motif en cristal : 1,5cm<\/p>\n<p>Cristal transparent facett\u00e9\u00a0<\/p>\n<p>Pi\u00e8ce enti\u00e8rement faite \u00e0 la main<\/p>\n<\/div>\n<div class=\"post-excerpt\"><\/div>\n<div class=\"post-excerpt\"><\/div>\n<p>\u00a0<\/p>\n","protected":false},"excerpt":{"rendered":"<p>Laiton dor\u00e9 \u00e0 l&#8217;or fin 18 k Longueur de la chaine\u00a0 : 38 cm + 7 cm de chainette de reglage Diam\u00e8tre du motif en cristal : 1,5cm Cristal transparent facett\u00e9\u00a0 Pi\u00e8ce enti\u00e8rement faite \u00e0 la main \u00a0<\/p>\n","protected":false},"featured_media":2272448,"comment_status":"open","ping_status":"closed","template":"","meta":[],"product_brand":[],"product_cat":[1807,1756],"product_tag":[2244],"acf":[],"_links":{"self":[{"href":"https:\/\/streetmarkets.fr\/app\/wp-json\/wp\/v2\/product\/2272447"}],"collection":[{"href":"https:\/\/streetmarkets.fr\/app\/wp-json\/wp\/v2\/product"}],"about":[{"href":"https:\/\/streetmarkets.fr\/app\/wp-json\/wp\/v2\/types\/product"}],"replies":[{"embeddable":true,"href":"https:\/\/streetmarkets.fr\/app\/wp-json\/wp\/v2\/comments?post=2272447"}],"wp:featuredmedia":[{"embeddable":true,"href":"https:\/\/streetmarkets.fr\/app\/wp-json\/wp\/v2\/media\/2272448"}],"wp:attachment":[{"href":"https:\/\/streetmarkets.fr\/app\/wp-json\/wp\/v2\/media?parent=2272447"}],"wp:term":[{"taxonomy":"product_brand","embeddable":true,"href":"https:\/\/streetmarkets.fr\/app\/wp-json\/wp\/v2\/product_brand?post=2272447"},{"taxonomy":"product_cat","embeddable":true,"href":"https:\/\/streetmarkets.fr\/app\/wp-json\/wp\/v2\/product_cat?post=2272447"},{"taxonomy":"product_tag","embeddable":true,"href":"https:\/\/streetmarkets.fr\/app\/wp-json\/wp\/v2\/product_tag?post=2272447"}],"curies":[{"name":"wp","href":"https:\/\/api.w.org\/{rel}","templated":true}]}}