{"id":2272400,"date":"2025-07-18T04:31:30","date_gmt":"2025-07-18T02:31:30","guid":{"rendered":"https:\/\/streetmarkets.fr\/app\/produit\/coupe-vent-sable\/"},"modified":"2026-05-03T04:31:25","modified_gmt":"2026-05-03T02:31:25","slug":"coupe-vent-sable","status":"publish","type":"product","link":"https:\/\/streetmarkets.fr\/app\/produit\/coupe-vent-sable\/","title":{"rendered":"Coupe-vent sable"},"content":{"rendered":"<p><span>Restez au frais et \u00e0 l&#8217;abri du vent avec notre dernier-n\u00e9. Con\u00e7u pour vous offrir une protection l\u00e9g\u00e8re et respirante, ce coupe-vent est l&#8217;alli\u00e9 parfait pour toutes vos aventures en plein air.<\/span><\/p>\n","protected":false},"excerpt":{"rendered":"<p>Restez au frais et \u00e0 l&#8217;abri du vent avec notre dernier-n\u00e9. Con\u00e7u pour vous offrir une protection l\u00e9g\u00e8re et respirante, ce coupe-vent est l&#8217;alli\u00e9 parfait pour toutes vos aventures en plein air.<\/p>\n","protected":false},"featured_media":2272401,"comment_status":"open","ping_status":"closed","template":"","meta":[],"product_brand":[],"product_cat":[1756,1762],"product_tag":[1810],"acf":[],"_links":{"self":[{"href":"https:\/\/streetmarkets.fr\/app\/wp-json\/wp\/v2\/product\/2272400"}],"collection":[{"href":"https:\/\/streetmarkets.fr\/app\/wp-json\/wp\/v2\/product"}],"about":[{"href":"https:\/\/streetmarkets.fr\/app\/wp-json\/wp\/v2\/types\/product"}],"replies":[{"embeddable":true,"href":"https:\/\/streetmarkets.fr\/app\/wp-json\/wp\/v2\/comments?post=2272400"}],"wp:featuredmedia":[{"embeddable":true,"href":"https:\/\/streetmarkets.fr\/app\/wp-json\/wp\/v2\/media\/2272401"}],"wp:attachment":[{"href":"https:\/\/streetmarkets.fr\/app\/wp-json\/wp\/v2\/media?parent=2272400"}],"wp:term":[{"taxonomy":"product_brand","embeddable":true,"href":"https:\/\/streetmarkets.fr\/app\/wp-json\/wp\/v2\/product_brand?post=2272400"},{"taxonomy":"product_cat","embeddable":true,"href":"https:\/\/streetmarkets.fr\/app\/wp-json\/wp\/v2\/product_cat?post=2272400"},{"taxonomy":"product_tag","embeddable":true,"href":"https:\/\/streetmarkets.fr\/app\/wp-json\/wp\/v2\/product_tag?post=2272400"}],"curies":[{"name":"wp","href":"https:\/\/api.w.org\/{rel}","templated":true}]}}