{"id":2256983,"date":"2025-07-18T01:40:13","date_gmt":"2025-07-17T23:40:13","guid":{"rendered":"https:\/\/streetmarkets.fr\/app\/produit\/porte-cles-bimbo-eiffel-coeur-rose\/"},"modified":"2026-05-08T01:39:42","modified_gmt":"2026-05-07T23:39:42","slug":"porte-cles-bimbo-eiffel-coeur-rose","status":"publish","type":"product","link":"https:\/\/streetmarkets.fr\/app\/produit\/porte-cles-bimbo-eiffel-coeur-rose\/","title":{"rendered":"PORTE CL\u00c9S BIMBO EIFFEL C\u0152UR ROSE"},"content":{"rendered":"<p>PORTE CL\u00c9S BIMBO TOUR EIFFEL C\u0152UR ROSE.<\/p>\n<p><span>DIMENSIONS : 6 x 4,8 CM<\/span><\/p>\n","protected":false},"excerpt":{"rendered":"<p>PORTE CL\u00c9S BIMBO TOUR EIFFEL C\u0152UR ROSE. DIMENSIONS : 6 x 4,8 CM<\/p>\n","protected":false},"featured_media":2256984,"comment_status":"open","ping_status":"closed","template":"","meta":[],"product_brand":[],"product_cat":[1756,1760],"product_tag":[2122],"acf":[],"_links":{"self":[{"href":"https:\/\/streetmarkets.fr\/app\/wp-json\/wp\/v2\/product\/2256983"}],"collection":[{"href":"https:\/\/streetmarkets.fr\/app\/wp-json\/wp\/v2\/product"}],"about":[{"href":"https:\/\/streetmarkets.fr\/app\/wp-json\/wp\/v2\/types\/product"}],"replies":[{"embeddable":true,"href":"https:\/\/streetmarkets.fr\/app\/wp-json\/wp\/v2\/comments?post=2256983"}],"wp:featuredmedia":[{"embeddable":true,"href":"https:\/\/streetmarkets.fr\/app\/wp-json\/wp\/v2\/media\/2256984"}],"wp:attachment":[{"href":"https:\/\/streetmarkets.fr\/app\/wp-json\/wp\/v2\/media?parent=2256983"}],"wp:term":[{"taxonomy":"product_brand","embeddable":true,"href":"https:\/\/streetmarkets.fr\/app\/wp-json\/wp\/v2\/product_brand?post=2256983"},{"taxonomy":"product_cat","embeddable":true,"href":"https:\/\/streetmarkets.fr\/app\/wp-json\/wp\/v2\/product_cat?post=2256983"},{"taxonomy":"product_tag","embeddable":true,"href":"https:\/\/streetmarkets.fr\/app\/wp-json\/wp\/v2\/product_tag?post=2256983"}],"curies":[{"name":"wp","href":"https:\/\/api.w.org\/{rel}","templated":true}]}}