{"id":2256854,"date":"2025-07-18T00:59:27","date_gmt":"2025-07-17T22:59:27","guid":{"rendered":"https:\/\/streetmarkets.fr\/app\/produit\/creoles-dune\/"},"modified":"2026-05-12T00:58:37","modified_gmt":"2026-05-11T22:58:37","slug":"creoles-dune","status":"publish","type":"product","link":"https:\/\/streetmarkets.fr\/app\/produit\/creoles-dune\/","title":{"rendered":"Cr\u00e9oles Dune"},"content":{"rendered":"<p>Cr\u00e9oles Dune : Le souffle du large dans un bijou affirm\u00e9 !<br data-start=\"127\" data-end=\"130\">Avec leur motif irr\u00e9gulier sculpt\u00e9 comme une dune balay\u00e9e par le vent, ces grandes cr\u00e9oles dor\u00e9es \u00e0 l\u2019or fin capturent toute la force et la po\u00e9sie des paysages c\u00f4tiers. Inspir\u00e9es par une plage adoss\u00e9e \u00e0 la faille de Mauna Loa, elles nous racontent les contours changeants du sable fa\u00e7onn\u00e9 par l\u2019oc\u00e9an.<\/p>\n<p>Pourquoi on aime :<br data-start=\"639\" data-end=\"642\">\u2022 Laiton dor\u00e9 \u00e0 l\u2019or fin 24 carats (0,5 micron).<br data-start=\"687\" data-end=\"690\">\u2022 Motif textur\u00e9 irr\u00e9gulier inspir\u00e9 d\u2019une dune volcanique.<br data-start=\"746\" data-end=\"749\">\u2022 Cr\u00e9\u00e9es et mont\u00e9es en France, entre La Rochelle et la r\u00e9gion parisienne.<br data-start=\"821\" data-end=\"824\">\u2022 Dessin\u00e9es par la cr\u00e9atrice et fabriqu\u00e9es avec soin par des artisans franciliens.<br data-start=\"905\" data-end=\"908\">\u2022 L\u00e9g\u00e8res et faciles \u00e0 porter au quotidien.<br data-start=\"950\" data-end=\"953\">\u2022 Diam\u00e8tre 4,9 cm.<br data-start=\"972\" data-end=\"975\">\u2022 Largeur du motif \u00ab dune \u00bb entre 0,4 et 0,2 cm.<\/p>\n<p>Ces boucles, \u00e0 la fois sobres et pleines de caract\u00e8re, sont faites pour celles qui aiment affirmer leur style sans en faire trop. Une silhouette puissante, tout en subtilit\u00e9.<\/p>\n","protected":false},"excerpt":{"rendered":"<p>Cr\u00e9oles Dune : Le souffle du large dans un bijou affirm\u00e9 !Avec leur motif irr\u00e9gulier sculpt\u00e9 comme une dune balay\u00e9e par le vent, ces grandes cr\u00e9oles dor\u00e9es \u00e0 l\u2019or fin capturent toute la force et la po\u00e9sie des paysages c\u00f4tiers. Inspir\u00e9es par une plage adoss\u00e9e \u00e0 la faille de Mauna Loa, elles nous racontent les [&hellip;]<\/p>\n","protected":false},"featured_media":2256855,"comment_status":"open","ping_status":"closed","template":"","meta":[],"product_brand":[],"product_cat":[1807,1756],"product_tag":[1813],"acf":[],"_links":{"self":[{"href":"https:\/\/streetmarkets.fr\/app\/wp-json\/wp\/v2\/product\/2256854"}],"collection":[{"href":"https:\/\/streetmarkets.fr\/app\/wp-json\/wp\/v2\/product"}],"about":[{"href":"https:\/\/streetmarkets.fr\/app\/wp-json\/wp\/v2\/types\/product"}],"replies":[{"embeddable":true,"href":"https:\/\/streetmarkets.fr\/app\/wp-json\/wp\/v2\/comments?post=2256854"}],"wp:featuredmedia":[{"embeddable":true,"href":"https:\/\/streetmarkets.fr\/app\/wp-json\/wp\/v2\/media\/2256855"}],"wp:attachment":[{"href":"https:\/\/streetmarkets.fr\/app\/wp-json\/wp\/v2\/media?parent=2256854"}],"wp:term":[{"taxonomy":"product_brand","embeddable":true,"href":"https:\/\/streetmarkets.fr\/app\/wp-json\/wp\/v2\/product_brand?post=2256854"},{"taxonomy":"product_cat","embeddable":true,"href":"https:\/\/streetmarkets.fr\/app\/wp-json\/wp\/v2\/product_cat?post=2256854"},{"taxonomy":"product_tag","embeddable":true,"href":"https:\/\/streetmarkets.fr\/app\/wp-json\/wp\/v2\/product_tag?post=2256854"}],"curies":[{"name":"wp","href":"https:\/\/api.w.org\/{rel}","templated":true}]}}