{"id":2237691,"date":"2025-07-14T06:52:14","date_gmt":"2025-07-14T04:52:14","guid":{"rendered":"https:\/\/streetmarkets.fr\/app\/produit\/175-slim-fit-ben-kori-jeans\/"},"modified":"2026-03-16T05:48:19","modified_gmt":"2026-03-16T04:48:19","slug":"175-slim-fit-ben-kori-jeans","status":"publish","type":"product","link":"https:\/\/streetmarkets.fr\/app\/produit\/175-slim-fit-ben-kori-jeans\/","title":{"rendered":"175 Slim Fit Ben Kori Jeans"},"content":{"rendered":"<p data-start=\"165\" data-end=\"568\"><strong>Allure contemporaine et coupe aff\u00fbt\u00e9e<\/strong> : le jean <strong>175 Slim Fit Ben Kori<\/strong> de <strong>Selected <\/strong>est con\u00e7u pour ceux qui recherchent une silhouette \u00e9lanc\u00e9e sans compromis sur le confort. Sa coupe slim <strong>\u00e9pouse subtilement la jambe<\/strong>, tout en laissant une belle libert\u00e9 de mouvement gr\u00e2ce \u00e0 un denim de qualit\u00e9. Disponible en\u00a0<em data-start=\"470\" data-end=\"489\">medium blue denim<\/em> pour un style plus tranquille, ou <em data-start=\"520\" data-end=\"537\">dark blue denim<\/em> pour une allure plus distingu\u00e9e.<\/p>\n<p data-start=\"570\" data-end=\"734\"><strong>Facile \u00e0 int\u00e9grer dans toutes les tenues<\/strong>, il s\u2019associe aussi bien avec un blazer qu\u2019un sweat oversize. Un essentiel moderne qui traverse les saisons avec assurance.<\/p>\n<p data-start=\"736\" data-end=\"906\">\u00c0 retrouver chez <strong data-start=\"753\" data-end=\"763\">Harold<\/strong>, boutique de pr\u00eat-\u00e0-porter pour homme situ\u00e9e en plein c\u0153ur du Marais \u00e0 Paris \u2013 une s\u00e9lection exigeante pour un vestiaire masculin urbain et soign\u00e9.<\/p>\n","protected":false},"excerpt":{"rendered":"<p>Allure contemporaine et coupe aff\u00fbt\u00e9e : le jean 175 Slim Fit Ben Kori de Selected est con\u00e7u pour ceux qui recherchent une silhouette \u00e9lanc\u00e9e sans compromis sur le confort. Sa coupe slim \u00e9pouse subtilement la jambe, tout en laissant une belle libert\u00e9 de mouvement gr\u00e2ce \u00e0 un denim de qualit\u00e9. Disponible en\u00a0medium blue denim pour [&hellip;]<\/p>\n","protected":false},"featured_media":2237692,"comment_status":"open","ping_status":"closed","template":"","meta":[],"product_brand":[],"product_cat":[1756,1758],"product_tag":[2244],"acf":[],"_links":{"self":[{"href":"https:\/\/streetmarkets.fr\/app\/wp-json\/wp\/v2\/product\/2237691"}],"collection":[{"href":"https:\/\/streetmarkets.fr\/app\/wp-json\/wp\/v2\/product"}],"about":[{"href":"https:\/\/streetmarkets.fr\/app\/wp-json\/wp\/v2\/types\/product"}],"replies":[{"embeddable":true,"href":"https:\/\/streetmarkets.fr\/app\/wp-json\/wp\/v2\/comments?post=2237691"}],"wp:featuredmedia":[{"embeddable":true,"href":"https:\/\/streetmarkets.fr\/app\/wp-json\/wp\/v2\/media\/2237692"}],"wp:attachment":[{"href":"https:\/\/streetmarkets.fr\/app\/wp-json\/wp\/v2\/media?parent=2237691"}],"wp:term":[{"taxonomy":"product_brand","embeddable":true,"href":"https:\/\/streetmarkets.fr\/app\/wp-json\/wp\/v2\/product_brand?post=2237691"},{"taxonomy":"product_cat","embeddable":true,"href":"https:\/\/streetmarkets.fr\/app\/wp-json\/wp\/v2\/product_cat?post=2237691"},{"taxonomy":"product_tag","embeddable":true,"href":"https:\/\/streetmarkets.fr\/app\/wp-json\/wp\/v2\/product_tag?post=2237691"}],"curies":[{"name":"wp","href":"https:\/\/api.w.org\/{rel}","templated":true}]}}