{"id":2224985,"date":"2025-07-13T01:54:16","date_gmt":"2025-07-12T23:54:16","guid":{"rendered":"https:\/\/streetmarkets.fr\/app\/produit\/pull-col-rond-broderie-love-faite-main-h25-femme-gris-chine-fonce\/"},"modified":"2026-02-27T00:52:05","modified_gmt":"2026-02-26T23:52:05","slug":"pull-col-rond-broderie-love-faite-main-h25-femme-gris-chine-fonce","status":"publish","type":"product","link":"https:\/\/streetmarkets.fr\/app\/produit\/pull-col-rond-broderie-love-faite-main-h25-femme-gris-chine-fonce\/","title":{"rendered":"Pull Col Rond Broderie Love Faite Main (H25 \/ FEMME \/ Gris Chin\u00e9 Fonc\u00e9)"},"content":{"rendered":"<p>&#8211; Pull en cachemire 6 fils certifi\u00e9 GCS\u00ae Femme <br \/>&#8211; D\u00e9tail brod\u00e9 &#8220;Love&#8221; fait main<br \/>&#8211; Col rond <br \/>&#8211; Manches longues <br \/>&#8211; Coupe courte et oversize <br \/>&#8211; Finitions c\u00f4tel\u00e9es <br \/>&#8211; Le Good Cashmere Standard\u00ae (GCS) est une norme ind\u00e9pendante pour un cachemire plus durable et plus responsable. Il vise \u00e0 am\u00e9liorer le bien-\u00eatre des ch\u00e8vres cachemire, les conditions de travail des \u00e9leveurs ainsi qu&#8217;\u00e0 prot\u00e9ger l&#8217;environnement.<\/p>\n","protected":false},"excerpt":{"rendered":"<p>&#8211; Pull en cachemire 6 fils certifi\u00e9 GCS\u00ae Femme &#8211; D\u00e9tail brod\u00e9 &#8220;Love&#8221; fait main&#8211; Col rond &#8211; Manches longues &#8211; Coupe courte et oversize &#8211; Finitions c\u00f4tel\u00e9es &#8211; Le Good Cashmere Standard\u00ae (GCS) est une norme ind\u00e9pendante pour un cachemire plus durable et plus responsable. Il vise \u00e0 am\u00e9liorer le bien-\u00eatre des ch\u00e8vres cachemire, [&hellip;]<\/p>\n","protected":false},"featured_media":2224986,"comment_status":"open","ping_status":"closed","template":"","meta":[],"product_brand":[6868],"product_cat":[1756,1762],"product_tag":[2244],"acf":[],"_links":{"self":[{"href":"https:\/\/streetmarkets.fr\/app\/wp-json\/wp\/v2\/product\/2224985"}],"collection":[{"href":"https:\/\/streetmarkets.fr\/app\/wp-json\/wp\/v2\/product"}],"about":[{"href":"https:\/\/streetmarkets.fr\/app\/wp-json\/wp\/v2\/types\/product"}],"replies":[{"embeddable":true,"href":"https:\/\/streetmarkets.fr\/app\/wp-json\/wp\/v2\/comments?post=2224985"}],"wp:featuredmedia":[{"embeddable":true,"href":"https:\/\/streetmarkets.fr\/app\/wp-json\/wp\/v2\/media\/2224986"}],"wp:attachment":[{"href":"https:\/\/streetmarkets.fr\/app\/wp-json\/wp\/v2\/media?parent=2224985"}],"wp:term":[{"taxonomy":"product_brand","embeddable":true,"href":"https:\/\/streetmarkets.fr\/app\/wp-json\/wp\/v2\/product_brand?post=2224985"},{"taxonomy":"product_cat","embeddable":true,"href":"https:\/\/streetmarkets.fr\/app\/wp-json\/wp\/v2\/product_cat?post=2224985"},{"taxonomy":"product_tag","embeddable":true,"href":"https:\/\/streetmarkets.fr\/app\/wp-json\/wp\/v2\/product_tag?post=2224985"}],"curies":[{"name":"wp","href":"https:\/\/api.w.org\/{rel}","templated":true}]}}