{"id":2224773,"date":"2025-07-13T01:16:31","date_gmt":"2025-07-12T23:16:31","guid":{"rendered":"https:\/\/streetmarkets.fr\/app\/produit\/mini-parapluie-rouille\/"},"modified":"2025-11-24T00:17:24","modified_gmt":"2025-11-23T23:17:24","slug":"mini-parapluie-rouille","status":"publish","type":"product","link":"https:\/\/streetmarkets.fr\/app\/produit\/mini-parapluie-rouille\/","title":{"rendered":"Mini parapluie &#8211; Rouille"},"content":{"rendered":"<p>Compact comme un smartphone, ce mini parapluie se glisse dans une poche ou un tout petit sac et vous sauve la mise \u00e0 la moindre averse. Avec ses 7 baleines renforc\u00e9es en fibre de verre, aluminium et carbone, il est con\u00e7u pour durer et tenir mieux que les mod\u00e8les classiques \u00e0 6 baleines.<\/p>\n<p>Ouvert, il offre un diam\u00e8tre de 84 cm, parfait pour une protection adulte au quotidien. Ferm\u00e9, il ne mesure que 17,5 cm pour 220 g seulement. On aime sa poign\u00e9e en bois d\u2019\u00e9rable et sa teinte rouille, chaleureuse et \u00e9l\u00e9gante, qui rehausse instantan\u00e9ment une tenue.<\/p>\n<p>Un parapluie de poche pour les journ\u00e9es impr\u00e9visibles, les navetteurs, les voyageurs et toutes celles et ceux qui veulent un accessoire fiable, sobre et pratique.<\/p>\n","protected":false},"excerpt":{"rendered":"<p>Compact comme un smartphone, ce mini parapluie se glisse dans une poche ou un tout petit sac et vous sauve la mise \u00e0 la moindre averse. Avec ses 7 baleines renforc\u00e9es en fibre de verre, aluminium et carbone, il est con\u00e7u pour durer et tenir mieux que les mod\u00e8les classiques \u00e0 6 baleines. Ouvert, il [&hellip;]<\/p>\n","protected":false},"featured_media":2224774,"comment_status":"open","ping_status":"closed","template":"","meta":[],"product_brand":[],"product_cat":[],"product_tag":[1810],"acf":[],"_links":{"self":[{"href":"https:\/\/streetmarkets.fr\/app\/wp-json\/wp\/v2\/product\/2224773"}],"collection":[{"href":"https:\/\/streetmarkets.fr\/app\/wp-json\/wp\/v2\/product"}],"about":[{"href":"https:\/\/streetmarkets.fr\/app\/wp-json\/wp\/v2\/types\/product"}],"replies":[{"embeddable":true,"href":"https:\/\/streetmarkets.fr\/app\/wp-json\/wp\/v2\/comments?post=2224773"}],"wp:featuredmedia":[{"embeddable":true,"href":"https:\/\/streetmarkets.fr\/app\/wp-json\/wp\/v2\/media\/2224774"}],"wp:attachment":[{"href":"https:\/\/streetmarkets.fr\/app\/wp-json\/wp\/v2\/media?parent=2224773"}],"wp:term":[{"taxonomy":"product_brand","embeddable":true,"href":"https:\/\/streetmarkets.fr\/app\/wp-json\/wp\/v2\/product_brand?post=2224773"},{"taxonomy":"product_cat","embeddable":true,"href":"https:\/\/streetmarkets.fr\/app\/wp-json\/wp\/v2\/product_cat?post=2224773"},{"taxonomy":"product_tag","embeddable":true,"href":"https:\/\/streetmarkets.fr\/app\/wp-json\/wp\/v2\/product_tag?post=2224773"}],"curies":[{"name":"wp","href":"https:\/\/api.w.org\/{rel}","templated":true}]}}