{"id":2216115,"date":"2025-07-12T02:07:24","date_gmt":"2025-07-12T00:07:24","guid":{"rendered":"https:\/\/streetmarkets.fr\/app\/produit\/nouveau-masscob-pull-grenville-navy\/"},"modified":"2026-03-04T01:03:01","modified_gmt":"2026-03-04T00:03:01","slug":"nouveau-masscob-pull-grenville-navy","status":"publish","type":"product","link":"https:\/\/streetmarkets.fr\/app\/produit\/nouveau-masscob-pull-grenville-navy\/","title":{"rendered":"MASSCOB Pull Grenville Navy"},"content":{"rendered":"<p data-rte-preserve-empty=\"true\">Pull coupe ample, encolure arrondie, manches longues et poignets resserr\u00e9s, emmanchure large. \u00c9galement disponible dans deux autres coloris, Rose Ballet et Black D\u00e9lav\u00e9.<\/p>\n<p data-rte-preserve-empty=\"true\">D\u00e9tail : 45% fibre polyacrylique, 45% laine alpaga surperfine, 15% laine merino<\/p>\n","protected":false},"excerpt":{"rendered":"<p>Pull coupe ample, encolure arrondie, manches longues et poignets resserr\u00e9s, emmanchure large. \u00c9galement disponible dans deux autres coloris, Rose Ballet et Black D\u00e9lav\u00e9. D\u00e9tail : 45% fibre polyacrylique, 45% laine alpaga surperfine, 15% laine merino<\/p>\n","protected":false},"featured_media":2216116,"comment_status":"open","ping_status":"closed","template":"","meta":[],"product_brand":[],"product_cat":[1756,1762],"product_tag":[2244],"acf":[],"_links":{"self":[{"href":"https:\/\/streetmarkets.fr\/app\/wp-json\/wp\/v2\/product\/2216115"}],"collection":[{"href":"https:\/\/streetmarkets.fr\/app\/wp-json\/wp\/v2\/product"}],"about":[{"href":"https:\/\/streetmarkets.fr\/app\/wp-json\/wp\/v2\/types\/product"}],"replies":[{"embeddable":true,"href":"https:\/\/streetmarkets.fr\/app\/wp-json\/wp\/v2\/comments?post=2216115"}],"wp:featuredmedia":[{"embeddable":true,"href":"https:\/\/streetmarkets.fr\/app\/wp-json\/wp\/v2\/media\/2216116"}],"wp:attachment":[{"href":"https:\/\/streetmarkets.fr\/app\/wp-json\/wp\/v2\/media?parent=2216115"}],"wp:term":[{"taxonomy":"product_brand","embeddable":true,"href":"https:\/\/streetmarkets.fr\/app\/wp-json\/wp\/v2\/product_brand?post=2216115"},{"taxonomy":"product_cat","embeddable":true,"href":"https:\/\/streetmarkets.fr\/app\/wp-json\/wp\/v2\/product_cat?post=2216115"},{"taxonomy":"product_tag","embeddable":true,"href":"https:\/\/streetmarkets.fr\/app\/wp-json\/wp\/v2\/product_tag?post=2216115"}],"curies":[{"name":"wp","href":"https:\/\/api.w.org\/{rel}","templated":true}]}}