{"id":2216101,"date":"2025-07-12T02:07:22","date_gmt":"2025-07-12T00:07:22","guid":{"rendered":"https:\/\/streetmarkets.fr\/app\/produit\/nouveau-masscob-gilet-fracci-angel\/"},"modified":"2026-02-28T01:03:13","modified_gmt":"2026-02-28T00:03:13","slug":"nouveau-masscob-gilet-fracci-angel","status":"publish","type":"product","link":"https:\/\/streetmarkets.fr\/app\/produit\/nouveau-masscob-gilet-fracci-angel\/","title":{"rendered":"MASSCOB Gilet Fracci Angel"},"content":{"rendered":"<p data-rte-preserve-empty=\"true\">Gilet boutonn\u00e9 coupe ample, manches longues et poignets resserr\u00e9s, emmanchure large. Tout doux et chaud. <\/p>\n<p data-rte-preserve-empty=\"true\">D\u00e9tail : 70% kid mohair, 16% polyamide, 8% laine vierge, 6% coton <\/p>\n","protected":false},"excerpt":{"rendered":"<p>Gilet boutonn\u00e9 coupe ample, manches longues et poignets resserr\u00e9s, emmanchure large. Tout doux et chaud. D\u00e9tail : 70% kid mohair, 16% polyamide, 8% laine vierge, 6% coton<\/p>\n","protected":false},"featured_media":2216102,"comment_status":"open","ping_status":"closed","template":"","meta":[],"product_brand":[],"product_cat":[1756,1762],"product_tag":[2244],"acf":[],"_links":{"self":[{"href":"https:\/\/streetmarkets.fr\/app\/wp-json\/wp\/v2\/product\/2216101"}],"collection":[{"href":"https:\/\/streetmarkets.fr\/app\/wp-json\/wp\/v2\/product"}],"about":[{"href":"https:\/\/streetmarkets.fr\/app\/wp-json\/wp\/v2\/types\/product"}],"replies":[{"embeddable":true,"href":"https:\/\/streetmarkets.fr\/app\/wp-json\/wp\/v2\/comments?post=2216101"}],"wp:featuredmedia":[{"embeddable":true,"href":"https:\/\/streetmarkets.fr\/app\/wp-json\/wp\/v2\/media\/2216102"}],"wp:attachment":[{"href":"https:\/\/streetmarkets.fr\/app\/wp-json\/wp\/v2\/media?parent=2216101"}],"wp:term":[{"taxonomy":"product_brand","embeddable":true,"href":"https:\/\/streetmarkets.fr\/app\/wp-json\/wp\/v2\/product_brand?post=2216101"},{"taxonomy":"product_cat","embeddable":true,"href":"https:\/\/streetmarkets.fr\/app\/wp-json\/wp\/v2\/product_cat?post=2216101"},{"taxonomy":"product_tag","embeddable":true,"href":"https:\/\/streetmarkets.fr\/app\/wp-json\/wp\/v2\/product_tag?post=2216101"}],"curies":[{"name":"wp","href":"https:\/\/api.w.org\/{rel}","templated":true}]}}