{"id":2216087,"date":"2025-07-12T02:07:20","date_gmt":"2025-07-12T00:07:20","guid":{"rendered":"https:\/\/streetmarkets.fr\/app\/produit\/nouveau-masscob-gilet-angie-rose-ballet\/"},"modified":"2026-05-06T01:59:36","modified_gmt":"2026-05-05T23:59:36","slug":"nouveau-masscob-gilet-angie-rose-ballet","status":"publish","type":"product","link":"https:\/\/streetmarkets.fr\/app\/produit\/nouveau-masscob-gilet-angie-rose-ballet\/","title":{"rendered":"MASSCOB Gilet Angie Rose Ballet -40%"},"content":{"rendered":"<p data-rte-preserve-empty=\"true\">Gilet boutonn\u00e9 coupe ample, manches longues et poignets resserr\u00e9s, emmanchure large, doux, chaud et \u00e9l\u00e9gant. \u00c9galement disponible dans deux autres coloris, Sage et Navy.<\/p>\n<p data-rte-preserve-empty=\"true\">D\u00e9tail : 45% fibre polyacrylique, 40% laine alpaga superfine, 15% laine merino<\/p>\n","protected":false},"excerpt":{"rendered":"<p>Gilet boutonn\u00e9 coupe ample, manches longues et poignets resserr\u00e9s, emmanchure large, doux, chaud et \u00e9l\u00e9gant. \u00c9galement disponible dans deux autres coloris, Sage et Navy. D\u00e9tail : 45% fibre polyacrylique, 40% laine alpaga superfine, 15% laine merino<\/p>\n","protected":false},"featured_media":2216088,"comment_status":"open","ping_status":"closed","template":"","meta":[],"product_brand":[],"product_cat":[1756,1762],"product_tag":[2244],"acf":[],"_links":{"self":[{"href":"https:\/\/streetmarkets.fr\/app\/wp-json\/wp\/v2\/product\/2216087"}],"collection":[{"href":"https:\/\/streetmarkets.fr\/app\/wp-json\/wp\/v2\/product"}],"about":[{"href":"https:\/\/streetmarkets.fr\/app\/wp-json\/wp\/v2\/types\/product"}],"replies":[{"embeddable":true,"href":"https:\/\/streetmarkets.fr\/app\/wp-json\/wp\/v2\/comments?post=2216087"}],"wp:featuredmedia":[{"embeddable":true,"href":"https:\/\/streetmarkets.fr\/app\/wp-json\/wp\/v2\/media\/2216088"}],"wp:attachment":[{"href":"https:\/\/streetmarkets.fr\/app\/wp-json\/wp\/v2\/media?parent=2216087"}],"wp:term":[{"taxonomy":"product_brand","embeddable":true,"href":"https:\/\/streetmarkets.fr\/app\/wp-json\/wp\/v2\/product_brand?post=2216087"},{"taxonomy":"product_cat","embeddable":true,"href":"https:\/\/streetmarkets.fr\/app\/wp-json\/wp\/v2\/product_cat?post=2216087"},{"taxonomy":"product_tag","embeddable":true,"href":"https:\/\/streetmarkets.fr\/app\/wp-json\/wp\/v2\/product_tag?post=2216087"}],"curies":[{"name":"wp","href":"https:\/\/api.w.org\/{rel}","templated":true}]}}