{"id":2216052,"date":"2025-07-12T01:47:37","date_gmt":"2025-07-11T23:47:37","guid":{"rendered":"https:\/\/streetmarkets.fr\/app\/produit\/top-rosario-en-voile-de-coton-bio\/"},"modified":"2026-05-09T01:44:14","modified_gmt":"2026-05-08T23:44:14","slug":"top-rosario-en-voile-de-coton-bio","status":"publish","type":"product","link":"https:\/\/streetmarkets.fr\/app\/produit\/top-rosario-en-voile-de-coton-bio\/","title":{"rendered":"top Rosario en voile de coton bio"},"content":{"rendered":"<ul>\n<li>chemisier en voile de coton <strong>bio<\/strong>\n<\/li>\n<li>manches courtes\u00a0\u00a0<\/li>\n<li>\n<strong>l\u00e9ger<\/strong>\u00a0et fluide<\/li>\n<li>imprim\u00e9 <strong>floral <\/strong><strong><\/strong>\n<\/li>\n<li>marque fran\u00e7aise <strong>La Fianc\u00e9e<\/strong>\n<\/li>\n<\/ul>\n<p><\/p>\n<p><strong><br \/><\/strong><\/p>\n","protected":false},"excerpt":{"rendered":"<p>chemisier en voile de coton bio manches courtes\u00a0\u00a0 l\u00e9ger\u00a0et fluide imprim\u00e9 floral marque fran\u00e7aise La Fianc\u00e9e<\/p>\n","protected":false},"featured_media":2216053,"comment_status":"open","ping_status":"closed","template":"","meta":[],"product_brand":[],"product_cat":[1756,1762],"product_tag":[1810],"acf":[],"_links":{"self":[{"href":"https:\/\/streetmarkets.fr\/app\/wp-json\/wp\/v2\/product\/2216052"}],"collection":[{"href":"https:\/\/streetmarkets.fr\/app\/wp-json\/wp\/v2\/product"}],"about":[{"href":"https:\/\/streetmarkets.fr\/app\/wp-json\/wp\/v2\/types\/product"}],"replies":[{"embeddable":true,"href":"https:\/\/streetmarkets.fr\/app\/wp-json\/wp\/v2\/comments?post=2216052"}],"wp:featuredmedia":[{"embeddable":true,"href":"https:\/\/streetmarkets.fr\/app\/wp-json\/wp\/v2\/media\/2216053"}],"wp:attachment":[{"href":"https:\/\/streetmarkets.fr\/app\/wp-json\/wp\/v2\/media?parent=2216052"}],"wp:term":[{"taxonomy":"product_brand","embeddable":true,"href":"https:\/\/streetmarkets.fr\/app\/wp-json\/wp\/v2\/product_brand?post=2216052"},{"taxonomy":"product_cat","embeddable":true,"href":"https:\/\/streetmarkets.fr\/app\/wp-json\/wp\/v2\/product_cat?post=2216052"},{"taxonomy":"product_tag","embeddable":true,"href":"https:\/\/streetmarkets.fr\/app\/wp-json\/wp\/v2\/product_tag?post=2216052"}],"curies":[{"name":"wp","href":"https:\/\/api.w.org\/{rel}","templated":true}]}}