{"id":2215214,"date":"2025-07-11T08:41:38","date_gmt":"2025-07-11T06:41:38","guid":{"rendered":"https:\/\/streetmarkets.fr\/app\/produit\/robe-desire-popeline-belle-piece\/"},"modified":"2026-05-12T08:38:45","modified_gmt":"2026-05-12T06:38:45","slug":"robe-desire-popeline-belle-piece","status":"publish","type":"product","link":"https:\/\/streetmarkets.fr\/app\/produit\/robe-desire-popeline-belle-piece\/","title":{"rendered":"Robe D\u00e9sir\u00e9 Popeline &#8211; Belle Piece"},"content":{"rendered":"<p data-mce-fragment=\"1\"><span data-mce-fragment=\"1\">Robe courte r\u00e9alis\u00e9e dans une popeline de coton agr\u00e9able, manches courte, poches c\u00f4t\u00e9s, d\u00e9tail de plis sur l&#8217;encolure devant et sur la t\u00eate de manche,\u00a0 fermeture dos avec un bouton.<\/span>\u00a0<\/p>\n<p data-mce-fragment=\"1\"><span class=\"Apple-converted-space\" data-mce-fragment=\"1\"><strong>Guide des tailles<\/strong> : Cette robe taille plut\u00f4t grand, prendre une taille en dessous<\/span><\/p>\n","protected":false},"excerpt":{"rendered":"<p>Robe courte r\u00e9alis\u00e9e dans une popeline de coton agr\u00e9able, manches courte, poches c\u00f4t\u00e9s, d\u00e9tail de plis sur l&#8217;encolure devant et sur la t\u00eate de manche,\u00a0 fermeture dos avec un bouton.\u00a0 Guide des tailles : Cette robe taille plut\u00f4t grand, prendre une taille en dessous<\/p>\n","protected":false},"featured_media":2215215,"comment_status":"open","ping_status":"closed","template":"","meta":[],"product_brand":[],"product_cat":[1756,1762],"product_tag":[2244],"acf":[],"_links":{"self":[{"href":"https:\/\/streetmarkets.fr\/app\/wp-json\/wp\/v2\/product\/2215214"}],"collection":[{"href":"https:\/\/streetmarkets.fr\/app\/wp-json\/wp\/v2\/product"}],"about":[{"href":"https:\/\/streetmarkets.fr\/app\/wp-json\/wp\/v2\/types\/product"}],"replies":[{"embeddable":true,"href":"https:\/\/streetmarkets.fr\/app\/wp-json\/wp\/v2\/comments?post=2215214"}],"wp:featuredmedia":[{"embeddable":true,"href":"https:\/\/streetmarkets.fr\/app\/wp-json\/wp\/v2\/media\/2215215"}],"wp:attachment":[{"href":"https:\/\/streetmarkets.fr\/app\/wp-json\/wp\/v2\/media?parent=2215214"}],"wp:term":[{"taxonomy":"product_brand","embeddable":true,"href":"https:\/\/streetmarkets.fr\/app\/wp-json\/wp\/v2\/product_brand?post=2215214"},{"taxonomy":"product_cat","embeddable":true,"href":"https:\/\/streetmarkets.fr\/app\/wp-json\/wp\/v2\/product_cat?post=2215214"},{"taxonomy":"product_tag","embeddable":true,"href":"https:\/\/streetmarkets.fr\/app\/wp-json\/wp\/v2\/product_tag?post=2215214"}],"curies":[{"name":"wp","href":"https:\/\/api.w.org\/{rel}","templated":true}]}}