{"id":2208288,"date":"2025-07-10T06:51:48","date_gmt":"2025-07-10T04:51:48","guid":{"rendered":"https:\/\/streetmarkets.fr\/app\/produit\/t-shirt-cycling-1333\/"},"modified":"2026-03-16T05:48:19","modified_gmt":"2026-03-16T04:48:19","slug":"t-shirt-cycling-1333","status":"publish","type":"product","link":"https:\/\/streetmarkets.fr\/app\/produit\/t-shirt-cycling-1333\/","title":{"rendered":"T-Shirt Cycling 1333"},"content":{"rendered":"<p data-start=\"109\" data-end=\"387\">D\u00e9couvrez le <strong data-start=\"122\" data-end=\"146\">T-shirt Cycling 1333<\/strong> de la marque <strong data-start=\"160\" data-end=\"174\">Revolution<\/strong>, disponible en <strong data-start=\"190\" data-end=\"206\">couleur Army<\/strong> chez <strong data-start=\"212\" data-end=\"222\">Harold<\/strong>. Ce T-shirt \u00e0 <strong data-start=\"237\" data-end=\"249\">col rond<\/strong> et \u00e0 <strong data-start=\"255\" data-end=\"274\">coupe classique<\/strong> est confectionn\u00e9 en <strong data-start=\"295\" data-end=\"309\">100% coton<\/strong>, garantissant un <strong data-start=\"327\" data-end=\"346\">confort optimal<\/strong> et une <strong data-start=\"354\" data-end=\"374\">douceur agr\u00e9able<\/strong> sur la peau.<\/p>\n<p data-start=\"389\" data-end=\"657\">Au centre, un <strong data-start=\"403\" data-end=\"458\">imprim\u00e9 marquant repr\u00e9sentant un cycliste en voyage<\/strong> apporte une <strong data-start=\"471\" data-end=\"492\">touche d&#8217;aventure<\/strong> et de dynamisme \u00e0 la pi\u00e8ce. Parfait pour une <strong data-start=\"538\" data-end=\"560\">tenue d\u00e9contract\u00e9e<\/strong>, ce T-shirt est id\u00e9al pour <strong data-start=\"588\" data-end=\"631\">exprimer votre passion pour le cyclisme<\/strong> tout en restant \u00e0 l\u2019aise.<\/p>\n<p data-start=\"659\" data-end=\"931\">Optez pour le <strong data-start=\"673\" data-end=\"697\">T-shirt Cycling 1333<\/strong> et ajoutez une <strong data-start=\"713\" data-end=\"736\">touche de caract\u00e8re<\/strong> \u00e0 votre garde-robe. Disponible d\u00e8s maintenant chez <strong data-start=\"788\" data-end=\"798\">Harold<\/strong>, il est le choix parfait pour ceux qui recherchent un <strong data-start=\"853\" data-end=\"884\">style unique et d\u00e9contract\u00e9<\/strong>, tout en <strong data-start=\"894\" data-end=\"930\">c\u00e9l\u00e9brant leur amour du cyclisme<\/strong>.<\/p>\n","protected":false},"excerpt":{"rendered":"<p>D\u00e9couvrez le T-shirt Cycling 1333 de la marque Revolution, disponible en couleur Army chez Harold. Ce T-shirt \u00e0 col rond et \u00e0 coupe classique est confectionn\u00e9 en 100% coton, garantissant un confort optimal et une douceur agr\u00e9able sur la peau. Au centre, un imprim\u00e9 marquant repr\u00e9sentant un cycliste en voyage apporte une touche d&#8217;aventure et [&hellip;]<\/p>\n","protected":false},"featured_media":2208289,"comment_status":"open","ping_status":"closed","template":"","meta":[],"product_brand":[],"product_cat":[1756,1758],"product_tag":[2244],"acf":[],"_links":{"self":[{"href":"https:\/\/streetmarkets.fr\/app\/wp-json\/wp\/v2\/product\/2208288"}],"collection":[{"href":"https:\/\/streetmarkets.fr\/app\/wp-json\/wp\/v2\/product"}],"about":[{"href":"https:\/\/streetmarkets.fr\/app\/wp-json\/wp\/v2\/types\/product"}],"replies":[{"embeddable":true,"href":"https:\/\/streetmarkets.fr\/app\/wp-json\/wp\/v2\/comments?post=2208288"}],"wp:featuredmedia":[{"embeddable":true,"href":"https:\/\/streetmarkets.fr\/app\/wp-json\/wp\/v2\/media\/2208289"}],"wp:attachment":[{"href":"https:\/\/streetmarkets.fr\/app\/wp-json\/wp\/v2\/media?parent=2208288"}],"wp:term":[{"taxonomy":"product_brand","embeddable":true,"href":"https:\/\/streetmarkets.fr\/app\/wp-json\/wp\/v2\/product_brand?post=2208288"},{"taxonomy":"product_cat","embeddable":true,"href":"https:\/\/streetmarkets.fr\/app\/wp-json\/wp\/v2\/product_cat?post=2208288"},{"taxonomy":"product_tag","embeddable":true,"href":"https:\/\/streetmarkets.fr\/app\/wp-json\/wp\/v2\/product_tag?post=2208288"}],"curies":[{"name":"wp","href":"https:\/\/api.w.org\/{rel}","templated":true}]}}