{"id":2207944,"date":"2025-07-10T01:28:10","date_gmt":"2025-07-09T23:28:10","guid":{"rendered":"https:\/\/streetmarkets.fr\/app\/produit\/no-stress-tee-please-gris\/"},"modified":"2025-12-14T00:29:18","modified_gmt":"2025-12-13T23:29:18","slug":"no-stress-tee-please-gris","status":"publish","type":"product","link":"https:\/\/streetmarkets.fr\/app\/produit\/no-stress-tee-please-gris\/","title":{"rendered":"No Stress &#8211; Tee Please Gris"},"content":{"rendered":"<p>Tshirt droit 100% coton organique \u00e0 message \u00e0 l&#8217;avant et au dos<\/p>\n<p>Fabriqu\u00e9 au Portugal en petite s\u00e9rie<\/p>\n<p>&nbsp;<\/p>\n","protected":false},"excerpt":{"rendered":"<p>Tshirt droit 100% coton organique \u00e0 message \u00e0 l&#8217;avant et au dos Fabriqu\u00e9 au Portugal en petite s\u00e9rie &nbsp;<\/p>\n","protected":false},"featured_media":2207945,"comment_status":"open","ping_status":"closed","template":"","meta":[],"product_brand":[],"product_cat":[1756,1758],"product_tag":[1810],"acf":[],"_links":{"self":[{"href":"https:\/\/streetmarkets.fr\/app\/wp-json\/wp\/v2\/product\/2207944"}],"collection":[{"href":"https:\/\/streetmarkets.fr\/app\/wp-json\/wp\/v2\/product"}],"about":[{"href":"https:\/\/streetmarkets.fr\/app\/wp-json\/wp\/v2\/types\/product"}],"replies":[{"embeddable":true,"href":"https:\/\/streetmarkets.fr\/app\/wp-json\/wp\/v2\/comments?post=2207944"}],"wp:featuredmedia":[{"embeddable":true,"href":"https:\/\/streetmarkets.fr\/app\/wp-json\/wp\/v2\/media\/2207945"}],"wp:attachment":[{"href":"https:\/\/streetmarkets.fr\/app\/wp-json\/wp\/v2\/media?parent=2207944"}],"wp:term":[{"taxonomy":"product_brand","embeddable":true,"href":"https:\/\/streetmarkets.fr\/app\/wp-json\/wp\/v2\/product_brand?post=2207944"},{"taxonomy":"product_cat","embeddable":true,"href":"https:\/\/streetmarkets.fr\/app\/wp-json\/wp\/v2\/product_cat?post=2207944"},{"taxonomy":"product_tag","embeddable":true,"href":"https:\/\/streetmarkets.fr\/app\/wp-json\/wp\/v2\/product_tag?post=2207944"}],"curies":[{"name":"wp","href":"https:\/\/api.w.org\/{rel}","templated":true}]}}