{"id":2207532,"date":"2025-07-10T01:14:22","date_gmt":"2025-07-09T23:14:22","guid":{"rendered":"https:\/\/streetmarkets.fr\/app\/produit\/tanga-dawa-grenat\/"},"modified":"2025-11-24T00:15:18","modified_gmt":"2025-11-23T23:15:18","slug":"tanga-dawa-grenat","status":"publish","type":"product","link":"https:\/\/streetmarkets.fr\/app\/produit\/tanga-dawa-grenat\/","title":{"rendered":"Tanga Dawa &#8211; Grenat"},"content":{"rendered":"<p>Un tanga qui coche toutes les cases: doux, flatteur et responsable. Sa dentelle g\u00e9om\u00e9trique en fibres recycl\u00e9es \u00e9pouse le corps sans serrer, pour une sensation seconde peau qui met en valeur sans en faire trop. La teinte grenat apporte ce petit twist chic qui change tout, au bureau comme pour une soir\u00e9e.<br \/>\nDessin\u00e9 \u00e0 Paris et fabriqu\u00e9 en Hongrie, il int\u00e8gre des mati\u00e8res certifi\u00e9es et du coton biologique pour concilier style, confort et exigence \u00e9co-responsable. On l\u2019enfile, on l\u2019oublie\u2026 et on se sent bien. Existe aussi en noir et en blanc.<\/p>\n","protected":false},"excerpt":{"rendered":"<p>Un tanga qui coche toutes les cases: doux, flatteur et responsable. Sa dentelle g\u00e9om\u00e9trique en fibres recycl\u00e9es \u00e9pouse le corps sans serrer, pour une sensation seconde peau qui met en valeur sans en faire trop. La teinte grenat apporte ce petit twist chic qui change tout, au bureau comme pour une soir\u00e9e. Dessin\u00e9 \u00e0 Paris [&hellip;]<\/p>\n","protected":false},"featured_media":2207533,"comment_status":"open","ping_status":"closed","template":"","meta":[],"product_brand":[],"product_cat":[1756,1762],"product_tag":[1810],"acf":[],"_links":{"self":[{"href":"https:\/\/streetmarkets.fr\/app\/wp-json\/wp\/v2\/product\/2207532"}],"collection":[{"href":"https:\/\/streetmarkets.fr\/app\/wp-json\/wp\/v2\/product"}],"about":[{"href":"https:\/\/streetmarkets.fr\/app\/wp-json\/wp\/v2\/types\/product"}],"replies":[{"embeddable":true,"href":"https:\/\/streetmarkets.fr\/app\/wp-json\/wp\/v2\/comments?post=2207532"}],"wp:featuredmedia":[{"embeddable":true,"href":"https:\/\/streetmarkets.fr\/app\/wp-json\/wp\/v2\/media\/2207533"}],"wp:attachment":[{"href":"https:\/\/streetmarkets.fr\/app\/wp-json\/wp\/v2\/media?parent=2207532"}],"wp:term":[{"taxonomy":"product_brand","embeddable":true,"href":"https:\/\/streetmarkets.fr\/app\/wp-json\/wp\/v2\/product_brand?post=2207532"},{"taxonomy":"product_cat","embeddable":true,"href":"https:\/\/streetmarkets.fr\/app\/wp-json\/wp\/v2\/product_cat?post=2207532"},{"taxonomy":"product_tag","embeddable":true,"href":"https:\/\/streetmarkets.fr\/app\/wp-json\/wp\/v2\/product_tag?post=2207532"}],"curies":[{"name":"wp","href":"https:\/\/api.w.org\/{rel}","templated":true}]}}