{"id":2201996,"date":"2025-07-09T01:55:27","date_gmt":"2025-07-08T23:55:27","guid":{"rendered":"https:\/\/streetmarkets.fr\/app\/produit\/robe-courte-bustier-nola-s25-femme-baby-blue\/"},"modified":"2025-09-27T01:58:13","modified_gmt":"2025-09-26T23:58:13","slug":"robe-courte-bustier-nola-s25-femme-baby-blue","status":"publish","type":"product","link":"https:\/\/streetmarkets.fr\/app\/produit\/robe-courte-bustier-nola-s25-femme-baby-blue\/","title":{"rendered":"Robe Courte Bustier Nola (S25 \/ FEMME \/ Baby Blue)"},"content":{"rendered":"<p>&#8211; Robe bustier courte Femme<br \/>\n<br \/>&#8211; D\u00e9collet\u00e9 c\u0153ur<br \/>\n<br \/>&#8211; Fermeture zipp\u00e9e sur le c\u00f4t\u00e9<br \/>\n<br \/>&#8211; Coupe slim<\/p>\n","protected":false},"excerpt":{"rendered":"<p>&#8211; Robe bustier courte Femme &#8211; D\u00e9collet\u00e9 c\u0153ur &#8211; Fermeture zipp\u00e9e sur le c\u00f4t\u00e9 &#8211; Coupe slim<\/p>\n","protected":false},"featured_media":2201997,"comment_status":"open","ping_status":"closed","template":"","meta":[],"product_brand":[6868],"product_cat":[1756,1762],"product_tag":[2244,1811],"acf":[],"_links":{"self":[{"href":"https:\/\/streetmarkets.fr\/app\/wp-json\/wp\/v2\/product\/2201996"}],"collection":[{"href":"https:\/\/streetmarkets.fr\/app\/wp-json\/wp\/v2\/product"}],"about":[{"href":"https:\/\/streetmarkets.fr\/app\/wp-json\/wp\/v2\/types\/product"}],"replies":[{"embeddable":true,"href":"https:\/\/streetmarkets.fr\/app\/wp-json\/wp\/v2\/comments?post=2201996"}],"wp:featuredmedia":[{"embeddable":true,"href":"https:\/\/streetmarkets.fr\/app\/wp-json\/wp\/v2\/media\/2201997"}],"wp:attachment":[{"href":"https:\/\/streetmarkets.fr\/app\/wp-json\/wp\/v2\/media?parent=2201996"}],"wp:term":[{"taxonomy":"product_brand","embeddable":true,"href":"https:\/\/streetmarkets.fr\/app\/wp-json\/wp\/v2\/product_brand?post=2201996"},{"taxonomy":"product_cat","embeddable":true,"href":"https:\/\/streetmarkets.fr\/app\/wp-json\/wp\/v2\/product_cat?post=2201996"},{"taxonomy":"product_tag","embeddable":true,"href":"https:\/\/streetmarkets.fr\/app\/wp-json\/wp\/v2\/product_tag?post=2201996"}],"curies":[{"name":"wp","href":"https:\/\/api.w.org\/{rel}","templated":true}]}}