{"id":2201272,"date":"2025-07-09T00:58:57","date_gmt":"2025-07-08T22:58:57","guid":{"rendered":"https:\/\/streetmarkets.fr\/app\/produit\/sneakers-vibes-creme-et-lemon\/"},"modified":"2026-04-08T00:56:00","modified_gmt":"2026-04-07T22:56:00","slug":"sneakers-vibes-creme-et-lemon","status":"publish","type":"product","link":"https:\/\/streetmarkets.fr\/app\/produit\/sneakers-vibes-creme-et-lemon\/","title":{"rendered":"Sneakers vibes cr\u00e8me et Lemon"},"content":{"rendered":"<p>Avec son allure r\u00e9tro et ses teintes douces twist\u00e9es d\u2019un jaune citron frais, la Vibes Cr\u00e8me &amp; Lemon apporte une touche lumineuse et subtile \u00e0 ton vestiaire.<br \/>Unisexe, vegan, responsable, cette basket allie esth\u00e9tique minimaliste et conscience engag\u00e9e.<\/p>\n<p>Fabriqu\u00e9e au Portugal.<\/p>\n<p><span>LE CONSEIL D&#8217;ASTRID<\/span><\/p>\n<p><span>Mod\u00e8le unisexe, si vous faites la m\u00eame pointure que votre conjoint, pratique vous pourrez vous les \u00e9changer:-)<\/span><\/p>\n<p><span>COMPOSITION<\/span><\/p>\n<ul>\n<li>Mati\u00e8re lisse : ma\u00efs non alimentaire et sans OGM, d\u00e9chets agricoles, coton<br \/>Su\u00e9d\u00e9 vegan : d\u00e9chets agricoles, nylon<\/li>\n<li>Maillage : polyester recycl\u00e9,<\/li>\n<li>Doublure : polyester recycl\u00e9,<\/li>\n<li>Lacets : polyester recycl\u00e9,<\/li>\n<li>Semelle int\u00e9rieure : polyester recycl\u00e9, d\u00e9chets agricoles recycl\u00e9s<\/li>\n<li>Semelle ext\u00e9rieure : caoutchouc thermoplastique recycl\u00e9, caoutchouc thermoplastique<span><\/span>\n<\/li>\n<\/ul>\n<p><span>CONSEILS D&#8217;ENTRETIEN<\/span><\/p>\n<ul>\n<li>Nettoyage l\u00e9ger : utilisez une brosse douce ou un chiffon propre et l\u00e9g\u00e8rement humide pour retirer poussi\u00e8re et salet\u00e9s.<\/li>\n<li>Nettoyage \u00e0 la main : privil\u00e9giez une \u00e9ponge non abrasive avec de l\u2019eau froide et, si besoin, un peu de savon doux. Pour les zones en tissu, une brosse gomme sp\u00e9ciale textile peut \u00eatre utilis\u00e9e en frottant d\u00e9licatement.<\/li>\n<li>S\u00e9chage : laissez vos sneakers s\u00e9cher \u00e0 l\u2019air libre, \u00e0 l\u2019abri du soleil et de toute source de chaleur (radiateur, chemin\u00e9e, s\u00e8che-cheveux\u2026).<\/li>\n<li>Important : ne pas laver en machine, ni passer au s\u00e8che-linge.<\/li>\n<\/ul>\n<p><span><\/span><span><\/span><span>LA MARQUE\u00a0<\/span><\/p>\n<p>-In\u00e9, les sneakers urban, vegan et styl\u00e9es &#8211;\u00a0<\/p>\n<p>Derri\u00e8re la marque In\u00e9 se cache une volont\u00e9 d&#8217;allier style et \u00e9co-responsabilit\u00e9. Apr\u00e8s cing ans de recherche, Audrey propose des baskets vegan, unisexes, con\u00e7ues \u00e0 partir de ma\u00efs et de mat\u00e9riaux recycl\u00e9s. Le vrai plus : un style affirm\u00e9 et r\u00e9tro.\u00a0<\/p>\n","protected":false},"excerpt":{"rendered":"<p>Avec son allure r\u00e9tro et ses teintes douces twist\u00e9es d\u2019un jaune citron frais, la Vibes Cr\u00e8me &amp; Lemon apporte une touche lumineuse et subtile \u00e0 ton vestiaire.Unisexe, vegan, responsable, cette basket allie esth\u00e9tique minimaliste et conscience engag\u00e9e. Fabriqu\u00e9e au Portugal. LE CONSEIL D&#8217;ASTRID Mod\u00e8le unisexe, si vous faites la m\u00eame pointure que votre conjoint, pratique [&hellip;]<\/p>\n","protected":false},"featured_media":2201273,"comment_status":"open","ping_status":"closed","template":"","meta":[],"product_brand":[],"product_cat":[1756,1763],"product_tag":[1813],"acf":[],"_links":{"self":[{"href":"https:\/\/streetmarkets.fr\/app\/wp-json\/wp\/v2\/product\/2201272"}],"collection":[{"href":"https:\/\/streetmarkets.fr\/app\/wp-json\/wp\/v2\/product"}],"about":[{"href":"https:\/\/streetmarkets.fr\/app\/wp-json\/wp\/v2\/types\/product"}],"replies":[{"embeddable":true,"href":"https:\/\/streetmarkets.fr\/app\/wp-json\/wp\/v2\/comments?post=2201272"}],"wp:featuredmedia":[{"embeddable":true,"href":"https:\/\/streetmarkets.fr\/app\/wp-json\/wp\/v2\/media\/2201273"}],"wp:attachment":[{"href":"https:\/\/streetmarkets.fr\/app\/wp-json\/wp\/v2\/media?parent=2201272"}],"wp:term":[{"taxonomy":"product_brand","embeddable":true,"href":"https:\/\/streetmarkets.fr\/app\/wp-json\/wp\/v2\/product_brand?post=2201272"},{"taxonomy":"product_cat","embeddable":true,"href":"https:\/\/streetmarkets.fr\/app\/wp-json\/wp\/v2\/product_cat?post=2201272"},{"taxonomy":"product_tag","embeddable":true,"href":"https:\/\/streetmarkets.fr\/app\/wp-json\/wp\/v2\/product_tag?post=2201272"}],"curies":[{"name":"wp","href":"https:\/\/api.w.org\/{rel}","templated":true}]}}