{"id":2201219,"date":"2025-07-08T08:36:31","date_gmt":"2025-07-08T06:36:31","guid":{"rendered":"https:\/\/streetmarkets.fr\/app\/produit\/boucles-doreilles-selection-joee\/"},"modified":"2026-05-05T08:36:36","modified_gmt":"2026-05-05T06:36:36","slug":"boucles-doreilles-selection-joee","status":"publish","type":"product","link":"https:\/\/streetmarkets.fr\/app\/produit\/boucles-doreilles-selection-joee\/","title":{"rendered":"Boucles d&#8217;oreilles &#8211; S\u00e9lection Jo\u00e9e"},"content":{"rendered":"<p>Boucles d&#8217;oreilles avec maille rectangulaire et martel\u00e9e, dor\u00e9es \u00e0 l&#8217;or fin. Ultra l\u00e9g\u00e8res<\/p>\n<p>Retrouvez en exclusivit\u00e9 sur notre eshop une s\u00e9lection des plus belles cr\u00e9ations de la nouvelle collection tendance Jo\u00e9e.<\/p>\n","protected":false},"excerpt":{"rendered":"<p>Boucles d&#8217;oreilles avec maille rectangulaire et martel\u00e9e, dor\u00e9es \u00e0 l&#8217;or fin. Ultra l\u00e9g\u00e8res Retrouvez en exclusivit\u00e9 sur notre eshop une s\u00e9lection des plus belles cr\u00e9ations de la nouvelle collection tendance Jo\u00e9e.<\/p>\n","protected":false},"featured_media":2201220,"comment_status":"open","ping_status":"closed","template":"","meta":[],"product_brand":[],"product_cat":[1807,1756],"product_tag":[2244],"acf":[],"_links":{"self":[{"href":"https:\/\/streetmarkets.fr\/app\/wp-json\/wp\/v2\/product\/2201219"}],"collection":[{"href":"https:\/\/streetmarkets.fr\/app\/wp-json\/wp\/v2\/product"}],"about":[{"href":"https:\/\/streetmarkets.fr\/app\/wp-json\/wp\/v2\/types\/product"}],"replies":[{"embeddable":true,"href":"https:\/\/streetmarkets.fr\/app\/wp-json\/wp\/v2\/comments?post=2201219"}],"wp:featuredmedia":[{"embeddable":true,"href":"https:\/\/streetmarkets.fr\/app\/wp-json\/wp\/v2\/media\/2201220"}],"wp:attachment":[{"href":"https:\/\/streetmarkets.fr\/app\/wp-json\/wp\/v2\/media?parent=2201219"}],"wp:term":[{"taxonomy":"product_brand","embeddable":true,"href":"https:\/\/streetmarkets.fr\/app\/wp-json\/wp\/v2\/product_brand?post=2201219"},{"taxonomy":"product_cat","embeddable":true,"href":"https:\/\/streetmarkets.fr\/app\/wp-json\/wp\/v2\/product_cat?post=2201219"},{"taxonomy":"product_tag","embeddable":true,"href":"https:\/\/streetmarkets.fr\/app\/wp-json\/wp\/v2\/product_tag?post=2201219"}],"curies":[{"name":"wp","href":"https:\/\/api.w.org\/{rel}","templated":true}]}}