{"id":2195763,"date":"2025-07-08T01:40:07","date_gmt":"2025-07-07T23:40:07","guid":{"rendered":"https:\/\/streetmarkets.fr\/app\/produit\/jupe-a-pois-bleu\/"},"modified":"2026-05-12T01:39:46","modified_gmt":"2026-05-11T23:39:46","slug":"jupe-a-pois-bleu","status":"publish","type":"product","link":"https:\/\/streetmarkets.fr\/app\/produit\/jupe-a-pois-bleu\/","title":{"rendered":"JUPE \u00c0 POIS BLEU"},"content":{"rendered":"<p>MINI JUPE PATINEUSE \u00c0 POIS BLEU MARINE ET BLEU CLAIR. FABRIQU\u00c9E EN ITALIE.\u00a0<\/p>\n<p>COMPOSITION : 100% COTON\u00a0<\/p>\n<p>TAILLE \u00c9TIQUETTE : 40 IT\u00a0<\/p>\n<p>(VOIR LES MESURES \u00c0 PLAT)<\/p>\n<p>VOUS POUVEZ VENIR ESSAYER CETTE PI\u00c8CE DANS NOTRE BOUTIQUE SITU\u00c9E \u00c0 PARIS.\u00a0<\/p>\n<p>MESURES \u00c0 PLAT :\u00a0TAILLE 32CM LONGUEUR 44CM<\/p>\n<p>CONDITIONS :\u00a0PARFAIT \u00c9TAT<\/p>\n<p>N&#8217;OUBLIEZ PAS QU&#8217;IL S&#8217;AGIT D&#8217;UNE PI\u00c8CE VINTAGE RARE QUI A SOIGNEUSEMENT \u00c9T\u00c9 S\u00c9LECTIONN\u00c9E. LE TEMPS PEUT PARFOIS LAISSER DES PETITS D\u00c9FAUTS, CE QUI REND LA PI\u00c8CE ENCORE PLUS UNIQUE. MERCI DE L&#8217;AIMER TEL QU&#8217;ELLE EST &lt;3<\/p>\n","protected":false},"excerpt":{"rendered":"<p>MINI JUPE PATINEUSE \u00c0 POIS BLEU MARINE ET BLEU CLAIR. FABRIQU\u00c9E EN ITALIE.\u00a0 COMPOSITION : 100% COTON\u00a0 TAILLE \u00c9TIQUETTE : 40 IT\u00a0 (VOIR LES MESURES \u00c0 PLAT) VOUS POUVEZ VENIR ESSAYER CETTE PI\u00c8CE DANS NOTRE BOUTIQUE SITU\u00c9E \u00c0 PARIS.\u00a0 MESURES \u00c0 PLAT :\u00a0TAILLE 32CM LONGUEUR 44CM CONDITIONS :\u00a0PARFAIT \u00c9TAT N&#8217;OUBLIEZ PAS QU&#8217;IL S&#8217;AGIT D&#8217;UNE PI\u00c8CE [&hellip;]<\/p>\n","protected":false},"featured_media":2195764,"comment_status":"open","ping_status":"closed","template":"","meta":[],"product_brand":[],"product_cat":[1756,1762],"product_tag":[2122],"acf":[],"_links":{"self":[{"href":"https:\/\/streetmarkets.fr\/app\/wp-json\/wp\/v2\/product\/2195763"}],"collection":[{"href":"https:\/\/streetmarkets.fr\/app\/wp-json\/wp\/v2\/product"}],"about":[{"href":"https:\/\/streetmarkets.fr\/app\/wp-json\/wp\/v2\/types\/product"}],"replies":[{"embeddable":true,"href":"https:\/\/streetmarkets.fr\/app\/wp-json\/wp\/v2\/comments?post=2195763"}],"wp:featuredmedia":[{"embeddable":true,"href":"https:\/\/streetmarkets.fr\/app\/wp-json\/wp\/v2\/media\/2195764"}],"wp:attachment":[{"href":"https:\/\/streetmarkets.fr\/app\/wp-json\/wp\/v2\/media?parent=2195763"}],"wp:term":[{"taxonomy":"product_brand","embeddable":true,"href":"https:\/\/streetmarkets.fr\/app\/wp-json\/wp\/v2\/product_brand?post=2195763"},{"taxonomy":"product_cat","embeddable":true,"href":"https:\/\/streetmarkets.fr\/app\/wp-json\/wp\/v2\/product_cat?post=2195763"},{"taxonomy":"product_tag","embeddable":true,"href":"https:\/\/streetmarkets.fr\/app\/wp-json\/wp\/v2\/product_tag?post=2195763"}],"curies":[{"name":"wp","href":"https:\/\/api.w.org\/{rel}","templated":true}]}}