{"id":2195744,"date":"2025-07-08T01:40:04","date_gmt":"2025-07-07T23:40:04","guid":{"rendered":"https:\/\/streetmarkets.fr\/app\/produit\/porte-cles-bimbo-bimbo-bimbo\/"},"modified":"2026-05-12T01:39:46","modified_gmt":"2026-05-11T23:39:46","slug":"porte-cles-bimbo-bimbo-bimbo","status":"publish","type":"product","link":"https:\/\/streetmarkets.fr\/app\/produit\/porte-cles-bimbo-bimbo-bimbo\/","title":{"rendered":"PORT\u00c9 CL\u00c9S BIMBO BIMBO BIMBO"},"content":{"rendered":"<p>PORT\u00c9 CL\u00c9S BIMBO BIMBO BIMBO.\u00a0<\/p>\n<p><span>DIMENSIONS : 4,6 x 5,2 CM<\/span><\/p>\n","protected":false},"excerpt":{"rendered":"<p>PORT\u00c9 CL\u00c9S BIMBO BIMBO BIMBO.\u00a0 DIMENSIONS : 4,6 x 5,2 CM<\/p>\n","protected":false},"featured_media":2195745,"comment_status":"open","ping_status":"closed","template":"","meta":[],"product_brand":[],"product_cat":[1756,1760],"product_tag":[2122],"acf":[],"_links":{"self":[{"href":"https:\/\/streetmarkets.fr\/app\/wp-json\/wp\/v2\/product\/2195744"}],"collection":[{"href":"https:\/\/streetmarkets.fr\/app\/wp-json\/wp\/v2\/product"}],"about":[{"href":"https:\/\/streetmarkets.fr\/app\/wp-json\/wp\/v2\/types\/product"}],"replies":[{"embeddable":true,"href":"https:\/\/streetmarkets.fr\/app\/wp-json\/wp\/v2\/comments?post=2195744"}],"wp:featuredmedia":[{"embeddable":true,"href":"https:\/\/streetmarkets.fr\/app\/wp-json\/wp\/v2\/media\/2195745"}],"wp:attachment":[{"href":"https:\/\/streetmarkets.fr\/app\/wp-json\/wp\/v2\/media?parent=2195744"}],"wp:term":[{"taxonomy":"product_brand","embeddable":true,"href":"https:\/\/streetmarkets.fr\/app\/wp-json\/wp\/v2\/product_brand?post=2195744"},{"taxonomy":"product_cat","embeddable":true,"href":"https:\/\/streetmarkets.fr\/app\/wp-json\/wp\/v2\/product_cat?post=2195744"},{"taxonomy":"product_tag","embeddable":true,"href":"https:\/\/streetmarkets.fr\/app\/wp-json\/wp\/v2\/product_tag?post=2195744"}],"curies":[{"name":"wp","href":"https:\/\/api.w.org\/{rel}","templated":true}]}}