{"id":2190167,"date":"2025-07-07T02:07:52","date_gmt":"2025-07-07T00:07:52","guid":{"rendered":"https:\/\/streetmarkets.fr\/app\/produit\/nouveau-laurence-bras-gilet-twin-medium-grey\/"},"modified":"2026-04-01T02:03:32","modified_gmt":"2026-04-01T00:03:32","slug":"nouveau-laurence-bras-gilet-twin-medium-grey","status":"publish","type":"product","link":"https:\/\/streetmarkets.fr\/app\/produit\/nouveau-laurence-bras-gilet-twin-medium-grey\/","title":{"rendered":"LAURENCE BRAS Gilet Twin Grey -40%"},"content":{"rendered":"<p class=\"\" data-rte-preserve-empty=\"true\">Gilet en laine boutonn\u00e9 coupe droite, encolure arrondie, manches longues et poignets resserr\u00e9s, doux et chaud. \u00c9galement disponible dans la couleur Burgundy.<\/p>\n<p class=\"\" data-rte-preserve-empty=\"true\">D\u00e9tail : 100% laine<\/p>\n","protected":false},"excerpt":{"rendered":"<p>Gilet en laine boutonn\u00e9 coupe droite, encolure arrondie, manches longues et poignets resserr\u00e9s, doux et chaud. \u00c9galement disponible dans la couleur Burgundy. D\u00e9tail : 100% laine<\/p>\n","protected":false},"featured_media":2190168,"comment_status":"open","ping_status":"closed","template":"","meta":[],"product_brand":[],"product_cat":[1756,1762],"product_tag":[2244],"acf":[],"_links":{"self":[{"href":"https:\/\/streetmarkets.fr\/app\/wp-json\/wp\/v2\/product\/2190167"}],"collection":[{"href":"https:\/\/streetmarkets.fr\/app\/wp-json\/wp\/v2\/product"}],"about":[{"href":"https:\/\/streetmarkets.fr\/app\/wp-json\/wp\/v2\/types\/product"}],"replies":[{"embeddable":true,"href":"https:\/\/streetmarkets.fr\/app\/wp-json\/wp\/v2\/comments?post=2190167"}],"wp:featuredmedia":[{"embeddable":true,"href":"https:\/\/streetmarkets.fr\/app\/wp-json\/wp\/v2\/media\/2190168"}],"wp:attachment":[{"href":"https:\/\/streetmarkets.fr\/app\/wp-json\/wp\/v2\/media?parent=2190167"}],"wp:term":[{"taxonomy":"product_brand","embeddable":true,"href":"https:\/\/streetmarkets.fr\/app\/wp-json\/wp\/v2\/product_brand?post=2190167"},{"taxonomy":"product_cat","embeddable":true,"href":"https:\/\/streetmarkets.fr\/app\/wp-json\/wp\/v2\/product_cat?post=2190167"},{"taxonomy":"product_tag","embeddable":true,"href":"https:\/\/streetmarkets.fr\/app\/wp-json\/wp\/v2\/product_tag?post=2190167"}],"curies":[{"name":"wp","href":"https:\/\/api.w.org\/{rel}","templated":true}]}}