{"id":2190142,"date":"2025-07-07T02:07:48","date_gmt":"2025-07-07T00:07:48","guid":{"rendered":"https:\/\/streetmarkets.fr\/app\/produit\/nouveau-xirena-top-nia-red-dahlia-precommande\/"},"modified":"2026-02-25T01:03:29","modified_gmt":"2026-02-25T00:03:29","slug":"nouveau-xirena-top-nia-red-dahlia-precommande","status":"publish","type":"product","link":"https:\/\/streetmarkets.fr\/app\/produit\/nouveau-xirena-top-nia-red-dahlia-precommande\/","title":{"rendered":"XIRENA Top Nia Red Dahlia -40%"},"content":{"rendered":"<p data-rte-preserve-empty=\"true\">Top en coton coupe ample, d\u00e9collet\u00e9 en v, manche courtes \u00e0 volants, pliss\u00e9e devant et dos. \u00c9galement disponible dans la couleur Oysterette Ecru.<\/p>\n<p data-rte-preserve-empty=\"true\">D\u00e9tail : 100% coton<\/p>\n","protected":false},"excerpt":{"rendered":"<p>Top en coton coupe ample, d\u00e9collet\u00e9 en v, manche courtes \u00e0 volants, pliss\u00e9e devant et dos. \u00c9galement disponible dans la couleur Oysterette Ecru. D\u00e9tail : 100% coton<\/p>\n","protected":false},"featured_media":2190143,"comment_status":"open","ping_status":"closed","template":"","meta":[],"product_brand":[],"product_cat":[1756,1762],"product_tag":[2244],"acf":[],"_links":{"self":[{"href":"https:\/\/streetmarkets.fr\/app\/wp-json\/wp\/v2\/product\/2190142"}],"collection":[{"href":"https:\/\/streetmarkets.fr\/app\/wp-json\/wp\/v2\/product"}],"about":[{"href":"https:\/\/streetmarkets.fr\/app\/wp-json\/wp\/v2\/types\/product"}],"replies":[{"embeddable":true,"href":"https:\/\/streetmarkets.fr\/app\/wp-json\/wp\/v2\/comments?post=2190142"}],"wp:featuredmedia":[{"embeddable":true,"href":"https:\/\/streetmarkets.fr\/app\/wp-json\/wp\/v2\/media\/2190143"}],"wp:attachment":[{"href":"https:\/\/streetmarkets.fr\/app\/wp-json\/wp\/v2\/media?parent=2190142"}],"wp:term":[{"taxonomy":"product_brand","embeddable":true,"href":"https:\/\/streetmarkets.fr\/app\/wp-json\/wp\/v2\/product_brand?post=2190142"},{"taxonomy":"product_cat","embeddable":true,"href":"https:\/\/streetmarkets.fr\/app\/wp-json\/wp\/v2\/product_cat?post=2190142"},{"taxonomy":"product_tag","embeddable":true,"href":"https:\/\/streetmarkets.fr\/app\/wp-json\/wp\/v2\/product_tag?post=2190142"}],"curies":[{"name":"wp","href":"https:\/\/api.w.org\/{rel}","templated":true}]}}