{"id":2190123,"date":"2025-07-07T02:07:44","date_gmt":"2025-07-07T00:07:44","guid":{"rendered":"https:\/\/streetmarkets.fr\/app\/produit\/nouveau-masscob-pantalon-ricks-taupe\/"},"modified":"2026-02-18T01:02:50","modified_gmt":"2026-02-18T00:02:50","slug":"nouveau-masscob-pantalon-ricks-taupe","status":"publish","type":"product","link":"https:\/\/streetmarkets.fr\/app\/produit\/nouveau-masscob-pantalon-ricks-taupe\/","title":{"rendered":"MASSCOB Pantalon Ricks Taupe"},"content":{"rendered":"<p data-rte-preserve-empty=\"true\">Pantalon en velours souple, taille semi haute et coupe flare, taille \u00e9lastique, deux poches lat\u00e9rales. <\/p>\n<p data-rte-preserve-empty=\"true\">D\u00e9tail : 98% coton, 2% \u00e9lasthanne<\/p>\n","protected":false},"excerpt":{"rendered":"<p>Pantalon en velours souple, taille semi haute et coupe flare, taille \u00e9lastique, deux poches lat\u00e9rales. D\u00e9tail : 98% coton, 2% \u00e9lasthanne<\/p>\n","protected":false},"featured_media":2190124,"comment_status":"open","ping_status":"closed","template":"","meta":[],"product_brand":[],"product_cat":[1756,1762],"product_tag":[2244],"acf":[],"_links":{"self":[{"href":"https:\/\/streetmarkets.fr\/app\/wp-json\/wp\/v2\/product\/2190123"}],"collection":[{"href":"https:\/\/streetmarkets.fr\/app\/wp-json\/wp\/v2\/product"}],"about":[{"href":"https:\/\/streetmarkets.fr\/app\/wp-json\/wp\/v2\/types\/product"}],"replies":[{"embeddable":true,"href":"https:\/\/streetmarkets.fr\/app\/wp-json\/wp\/v2\/comments?post=2190123"}],"wp:featuredmedia":[{"embeddable":true,"href":"https:\/\/streetmarkets.fr\/app\/wp-json\/wp\/v2\/media\/2190124"}],"wp:attachment":[{"href":"https:\/\/streetmarkets.fr\/app\/wp-json\/wp\/v2\/media?parent=2190123"}],"wp:term":[{"taxonomy":"product_brand","embeddable":true,"href":"https:\/\/streetmarkets.fr\/app\/wp-json\/wp\/v2\/product_brand?post=2190123"},{"taxonomy":"product_cat","embeddable":true,"href":"https:\/\/streetmarkets.fr\/app\/wp-json\/wp\/v2\/product_cat?post=2190123"},{"taxonomy":"product_tag","embeddable":true,"href":"https:\/\/streetmarkets.fr\/app\/wp-json\/wp\/v2\/product_tag?post=2190123"}],"curies":[{"name":"wp","href":"https:\/\/api.w.org\/{rel}","templated":true}]}}