{"id":2190114,"date":"2025-07-07T02:07:43","date_gmt":"2025-07-07T00:07:43","guid":{"rendered":"https:\/\/streetmarkets.fr\/app\/produit\/nouveau-masscob-chemise-gill-azure\/"},"modified":"2026-02-18T01:02:50","modified_gmt":"2026-02-18T00:02:50","slug":"nouveau-masscob-chemise-gill-azure","status":"publish","type":"product","link":"https:\/\/streetmarkets.fr\/app\/produit\/nouveau-masscob-chemise-gill-azure\/","title":{"rendered":"MASSCOB Chemise Gill Azure"},"content":{"rendered":"<p data-rte-preserve-empty=\"true\">Chemise courte \u00e0 fines rayures, coupe ample, manches longues, poignets resserr\u00e9s et emmanchure large, douce et fluide. <\/p>\n<p data-rte-preserve-empty=\"true\">D\u00e9tail : 84% viscose, 16% soie<\/p>\n","protected":false},"excerpt":{"rendered":"<p>Chemise courte \u00e0 fines rayures, coupe ample, manches longues, poignets resserr\u00e9s et emmanchure large, douce et fluide. D\u00e9tail : 84% viscose, 16% soie<\/p>\n","protected":false},"featured_media":2190115,"comment_status":"open","ping_status":"closed","template":"","meta":[],"product_brand":[],"product_cat":[1756,1762],"product_tag":[2244],"acf":[],"_links":{"self":[{"href":"https:\/\/streetmarkets.fr\/app\/wp-json\/wp\/v2\/product\/2190114"}],"collection":[{"href":"https:\/\/streetmarkets.fr\/app\/wp-json\/wp\/v2\/product"}],"about":[{"href":"https:\/\/streetmarkets.fr\/app\/wp-json\/wp\/v2\/types\/product"}],"replies":[{"embeddable":true,"href":"https:\/\/streetmarkets.fr\/app\/wp-json\/wp\/v2\/comments?post=2190114"}],"wp:featuredmedia":[{"embeddable":true,"href":"https:\/\/streetmarkets.fr\/app\/wp-json\/wp\/v2\/media\/2190115"}],"wp:attachment":[{"href":"https:\/\/streetmarkets.fr\/app\/wp-json\/wp\/v2\/media?parent=2190114"}],"wp:term":[{"taxonomy":"product_brand","embeddable":true,"href":"https:\/\/streetmarkets.fr\/app\/wp-json\/wp\/v2\/product_brand?post=2190114"},{"taxonomy":"product_cat","embeddable":true,"href":"https:\/\/streetmarkets.fr\/app\/wp-json\/wp\/v2\/product_cat?post=2190114"},{"taxonomy":"product_tag","embeddable":true,"href":"https:\/\/streetmarkets.fr\/app\/wp-json\/wp\/v2\/product_tag?post=2190114"}],"curies":[{"name":"wp","href":"https:\/\/api.w.org\/{rel}","templated":true}]}}