{"id":2190086,"date":"2025-07-07T02:07:40","date_gmt":"2025-07-07T00:07:40","guid":{"rendered":"https:\/\/streetmarkets.fr\/app\/produit\/nouveau-masscob-manteau-severin-noir\/"},"modified":"2026-05-06T01:59:36","modified_gmt":"2026-05-05T23:59:36","slug":"nouveau-masscob-manteau-severin-noir","status":"publish","type":"product","link":"https:\/\/streetmarkets.fr\/app\/produit\/nouveau-masscob-manteau-severin-noir\/","title":{"rendered":"Nouveau ! MASSCOB Manteau Severin Noir -30%"},"content":{"rendered":"<p data-rte-preserve-empty=\"true\">Manteau ample en laine coupe caban, boutonnage crois\u00e9, manches longues et emmanchure large, deux poches plaqu\u00e9es devant. <\/p>\n<p data-rte-preserve-empty=\"true\">D\u00e9tail : 100% laine vierge<\/p>\n","protected":false},"excerpt":{"rendered":"<p>Manteau ample en laine coupe caban, boutonnage crois\u00e9, manches longues et emmanchure large, deux poches plaqu\u00e9es devant. D\u00e9tail : 100% laine vierge<\/p>\n","protected":false},"featured_media":2190087,"comment_status":"open","ping_status":"closed","template":"","meta":[],"product_brand":[],"product_cat":[1756,1762],"product_tag":[2244],"acf":[],"_links":{"self":[{"href":"https:\/\/streetmarkets.fr\/app\/wp-json\/wp\/v2\/product\/2190086"}],"collection":[{"href":"https:\/\/streetmarkets.fr\/app\/wp-json\/wp\/v2\/product"}],"about":[{"href":"https:\/\/streetmarkets.fr\/app\/wp-json\/wp\/v2\/types\/product"}],"replies":[{"embeddable":true,"href":"https:\/\/streetmarkets.fr\/app\/wp-json\/wp\/v2\/comments?post=2190086"}],"wp:featuredmedia":[{"embeddable":true,"href":"https:\/\/streetmarkets.fr\/app\/wp-json\/wp\/v2\/media\/2190087"}],"wp:attachment":[{"href":"https:\/\/streetmarkets.fr\/app\/wp-json\/wp\/v2\/media?parent=2190086"}],"wp:term":[{"taxonomy":"product_brand","embeddable":true,"href":"https:\/\/streetmarkets.fr\/app\/wp-json\/wp\/v2\/product_brand?post=2190086"},{"taxonomy":"product_cat","embeddable":true,"href":"https:\/\/streetmarkets.fr\/app\/wp-json\/wp\/v2\/product_cat?post=2190086"},{"taxonomy":"product_tag","embeddable":true,"href":"https:\/\/streetmarkets.fr\/app\/wp-json\/wp\/v2\/product_tag?post=2190086"}],"curies":[{"name":"wp","href":"https:\/\/api.w.org\/{rel}","templated":true}]}}