{"id":2183449,"date":"2025-07-06T01:54:29","date_gmt":"2025-07-05T23:54:29","guid":{"rendered":"https:\/\/streetmarkets.fr\/app\/produit\/top-manchess-longuess-h25-femme-pop-blue\/"},"modified":"2026-02-04T00:51:50","modified_gmt":"2026-02-03T23:51:50","slug":"top-manchess-longuess-h25-femme-pop-blue","status":"publish","type":"product","link":"https:\/\/streetmarkets.fr\/app\/produit\/top-manchess-longuess-h25-femme-pop-blue\/","title":{"rendered":"Top Manches Longues (H25 \/ FEMME \/ Pop Blue)"},"content":{"rendered":"<p>&#8211; Top en laine M\u00e9rinos 2 fils certifi\u00e9 RWS\u00ae Femme<br \/>&#8211; Bandes contrast\u00e9es<br \/>&#8211; Broderie &#8220;FF&#8221;<br \/>&#8211; Col montant\u00a0<br \/>&#8211; Manches longues<br \/>&#8211; Coupe courte et slim<br \/>&#8211; Laine m\u00e9rinos : respirante et thermor\u00e9gulatrice, elle peut \u00eatre port\u00e9e \u00e9t\u00e9 comme hiver<\/p>\n","protected":false},"excerpt":{"rendered":"<p>&#8211; Top en laine M\u00e9rinos 2 fils certifi\u00e9 RWS\u00ae Femme&#8211; Bandes contrast\u00e9es&#8211; Broderie &#8220;FF&#8221;&#8211; Col montant\u00a0&#8211; Manches longues&#8211; Coupe courte et slim&#8211; Laine m\u00e9rinos : respirante et thermor\u00e9gulatrice, elle peut \u00eatre port\u00e9e \u00e9t\u00e9 comme hiver<\/p>\n","protected":false},"featured_media":2183450,"comment_status":"open","ping_status":"closed","template":"","meta":[],"product_brand":[6868],"product_cat":[1756,1762],"product_tag":[2244],"acf":[],"_links":{"self":[{"href":"https:\/\/streetmarkets.fr\/app\/wp-json\/wp\/v2\/product\/2183449"}],"collection":[{"href":"https:\/\/streetmarkets.fr\/app\/wp-json\/wp\/v2\/product"}],"about":[{"href":"https:\/\/streetmarkets.fr\/app\/wp-json\/wp\/v2\/types\/product"}],"replies":[{"embeddable":true,"href":"https:\/\/streetmarkets.fr\/app\/wp-json\/wp\/v2\/comments?post=2183449"}],"wp:featuredmedia":[{"embeddable":true,"href":"https:\/\/streetmarkets.fr\/app\/wp-json\/wp\/v2\/media\/2183450"}],"wp:attachment":[{"href":"https:\/\/streetmarkets.fr\/app\/wp-json\/wp\/v2\/media?parent=2183449"}],"wp:term":[{"taxonomy":"product_brand","embeddable":true,"href":"https:\/\/streetmarkets.fr\/app\/wp-json\/wp\/v2\/product_brand?post=2183449"},{"taxonomy":"product_cat","embeddable":true,"href":"https:\/\/streetmarkets.fr\/app\/wp-json\/wp\/v2\/product_cat?post=2183449"},{"taxonomy":"product_tag","embeddable":true,"href":"https:\/\/streetmarkets.fr\/app\/wp-json\/wp\/v2\/product_tag?post=2183449"}],"curies":[{"name":"wp","href":"https:\/\/api.w.org\/{rel}","templated":true}]}}