{"id":2183438,"date":"2025-07-06T01:53:57","date_gmt":"2025-07-05T23:53:57","guid":{"rendered":"https:\/\/streetmarkets.fr\/app\/produit\/top-bretelles-h25-femme-ecru\/"},"modified":"2026-03-05T00:50:40","modified_gmt":"2026-03-04T23:50:40","slug":"top-bretelles-h25-femme-ecru","status":"publish","type":"product","link":"https:\/\/streetmarkets.fr\/app\/produit\/top-bretelles-h25-femme-ecru\/","title":{"rendered":"Top Bretelles Cachemire Bross\u00e9 (H25 \/ FEMME \/ Ecru)"},"content":{"rendered":"<p>&#8211; Top en cachemire bross\u00e9 2 fils certifi\u00e9 GCS\u00ae Femme <br \/>&#8211; Maille torsad\u00e9e <br \/>&#8211; Encolure ronde <br \/>&#8211; Sans manches <br \/>&#8211; Coupe courte et slim <br \/>&#8211; Le Good Cashmere Standard\u00ae (GCS) est une norme ind\u00e9pendante pour un cachemire plus durable et plus responsable. Il vise \u00e0 am\u00e9liorer le bien-\u00eatre des ch\u00e8vres cachemire, les conditions de travail des \u00e9leveurs ainsi qu&#8217;\u00e0 prot\u00e9ger l&#8217;environnement.<\/p>\n","protected":false},"excerpt":{"rendered":"<p>&#8211; Top en cachemire bross\u00e9 2 fils certifi\u00e9 GCS\u00ae Femme &#8211; Maille torsad\u00e9e &#8211; Encolure ronde &#8211; Sans manches &#8211; Coupe courte et slim &#8211; Le Good Cashmere Standard\u00ae (GCS) est une norme ind\u00e9pendante pour un cachemire plus durable et plus responsable. Il vise \u00e0 am\u00e9liorer le bien-\u00eatre des ch\u00e8vres cachemire, les conditions de travail [&hellip;]<\/p>\n","protected":false},"featured_media":2183439,"comment_status":"open","ping_status":"closed","template":"","meta":[],"product_brand":[6868],"product_cat":[1756,1762],"product_tag":[2244],"acf":[],"_links":{"self":[{"href":"https:\/\/streetmarkets.fr\/app\/wp-json\/wp\/v2\/product\/2183438"}],"collection":[{"href":"https:\/\/streetmarkets.fr\/app\/wp-json\/wp\/v2\/product"}],"about":[{"href":"https:\/\/streetmarkets.fr\/app\/wp-json\/wp\/v2\/types\/product"}],"replies":[{"embeddable":true,"href":"https:\/\/streetmarkets.fr\/app\/wp-json\/wp\/v2\/comments?post=2183438"}],"wp:featuredmedia":[{"embeddable":true,"href":"https:\/\/streetmarkets.fr\/app\/wp-json\/wp\/v2\/media\/2183439"}],"wp:attachment":[{"href":"https:\/\/streetmarkets.fr\/app\/wp-json\/wp\/v2\/media?parent=2183438"}],"wp:term":[{"taxonomy":"product_brand","embeddable":true,"href":"https:\/\/streetmarkets.fr\/app\/wp-json\/wp\/v2\/product_brand?post=2183438"},{"taxonomy":"product_cat","embeddable":true,"href":"https:\/\/streetmarkets.fr\/app\/wp-json\/wp\/v2\/product_cat?post=2183438"},{"taxonomy":"product_tag","embeddable":true,"href":"https:\/\/streetmarkets.fr\/app\/wp-json\/wp\/v2\/product_tag?post=2183438"}],"curies":[{"name":"wp","href":"https:\/\/api.w.org\/{rel}","templated":true}]}}