{"id":2183341,"date":"2025-07-06T01:53:46","date_gmt":"2025-07-05T23:53:46","guid":{"rendered":"https:\/\/streetmarkets.fr\/app\/produit\/pull-col-rond-h25-femme-creamy-yellow\/"},"modified":"2026-02-02T00:50:16","modified_gmt":"2026-02-01T23:50:16","slug":"pull-col-rond-h25-femme-creamy-yellow","status":"publish","type":"product","link":"https:\/\/streetmarkets.fr\/app\/produit\/pull-col-rond-h25-femme-creamy-yellow\/","title":{"rendered":"Pull Col Rond (H25 \/ FEMME \/ Creamy Yellow)"},"content":{"rendered":"<p>&#8211; Pull en laine M\u00e9rinos 2 fils certifi\u00e9e RWS\u00ae Femme<br \/>\n<br \/>&#8211; Maille torsad\u00e9e<br \/>\n<br \/>&#8211; Col rond<br \/>\n<br \/>&#8211; Coupe slim<br \/>\n<br \/>&#8211; Finitions volant\u00e9es contrast\u00e9es<br \/>\n<br \/>&#8211; Laine m\u00e9rinos : respirante et thermor\u00e9gulatrice, elle peut \u00eatre port\u00e9e \u00e9t\u00e9 comme hiver<\/p>\n","protected":false},"excerpt":{"rendered":"<p>&#8211; Pull en laine M\u00e9rinos 2 fils certifi\u00e9e RWS\u00ae Femme &#8211; Maille torsad\u00e9e &#8211; Col rond &#8211; Coupe slim &#8211; Finitions volant\u00e9es contrast\u00e9es &#8211; Laine m\u00e9rinos : respirante et thermor\u00e9gulatrice, elle peut \u00eatre port\u00e9e \u00e9t\u00e9 comme hiver<\/p>\n","protected":false},"featured_media":2183342,"comment_status":"open","ping_status":"closed","template":"","meta":[],"product_brand":[6868],"product_cat":[1756,1762],"product_tag":[2244],"acf":[],"_links":{"self":[{"href":"https:\/\/streetmarkets.fr\/app\/wp-json\/wp\/v2\/product\/2183341"}],"collection":[{"href":"https:\/\/streetmarkets.fr\/app\/wp-json\/wp\/v2\/product"}],"about":[{"href":"https:\/\/streetmarkets.fr\/app\/wp-json\/wp\/v2\/types\/product"}],"replies":[{"embeddable":true,"href":"https:\/\/streetmarkets.fr\/app\/wp-json\/wp\/v2\/comments?post=2183341"}],"wp:featuredmedia":[{"embeddable":true,"href":"https:\/\/streetmarkets.fr\/app\/wp-json\/wp\/v2\/media\/2183342"}],"wp:attachment":[{"href":"https:\/\/streetmarkets.fr\/app\/wp-json\/wp\/v2\/media?parent=2183341"}],"wp:term":[{"taxonomy":"product_brand","embeddable":true,"href":"https:\/\/streetmarkets.fr\/app\/wp-json\/wp\/v2\/product_brand?post=2183341"},{"taxonomy":"product_cat","embeddable":true,"href":"https:\/\/streetmarkets.fr\/app\/wp-json\/wp\/v2\/product_cat?post=2183341"},{"taxonomy":"product_tag","embeddable":true,"href":"https:\/\/streetmarkets.fr\/app\/wp-json\/wp\/v2\/product_tag?post=2183341"}],"curies":[{"name":"wp","href":"https:\/\/api.w.org\/{rel}","templated":true}]}}