{"id":2183308,"date":"2025-07-06T01:53:43","date_gmt":"2025-07-05T23:53:43","guid":{"rendered":"https:\/\/streetmarkets.fr\/app\/produit\/pull-col-rond-the-french-club-h25-femme-ballet-pink\/"},"modified":"2025-10-29T00:53:58","modified_gmt":"2025-10-28T23:53:58","slug":"pull-col-rond-the-french-club-h25-femme-ballet-pink","status":"publish","type":"product","link":"https:\/\/streetmarkets.fr\/app\/produit\/pull-col-rond-the-french-club-h25-femme-ballet-pink\/","title":{"rendered":"Pull Col Rond The French Club (H25 \/ FEMME \/ Ballet Pink)"},"content":{"rendered":"<p>&#8211; Pull en cachemire 4 fils certifi\u00e9 GCS\u00ae Femme <br \/>&#8211; Intarsia The French Club <br \/>&#8211; Col rond <br \/>&#8211; Manches longues <br \/>&#8211; Coupe oversize <br \/>&#8211; Finitions c\u00f4tel\u00e9es <br \/>&#8211; Le Good Cashmere Standard\u00ae (GCS) est une norme ind\u00e9pendante pour un cachemire plus durable et plus responsable. Il vise \u00e0 am\u00e9liorer le bien-\u00eatre des ch\u00e8vres cachemire, les conditions de travail des \u00e9leveurs ainsi qu&#8217;\u00e0 prot\u00e9ger l&#8217;environnement.<\/p>\n","protected":false},"excerpt":{"rendered":"<p>&#8211; Pull en cachemire 4 fils certifi\u00e9 GCS\u00ae Femme &#8211; Intarsia The French Club &#8211; Col rond &#8211; Manches longues &#8211; Coupe oversize &#8211; Finitions c\u00f4tel\u00e9es &#8211; Le Good Cashmere Standard\u00ae (GCS) est une norme ind\u00e9pendante pour un cachemire plus durable et plus responsable. Il vise \u00e0 am\u00e9liorer le bien-\u00eatre des ch\u00e8vres cachemire, les conditions [&hellip;]<\/p>\n","protected":false},"featured_media":2183309,"comment_status":"open","ping_status":"closed","template":"","meta":[],"product_brand":[6868],"product_cat":[1756,1762],"product_tag":[2244],"acf":[],"_links":{"self":[{"href":"https:\/\/streetmarkets.fr\/app\/wp-json\/wp\/v2\/product\/2183308"}],"collection":[{"href":"https:\/\/streetmarkets.fr\/app\/wp-json\/wp\/v2\/product"}],"about":[{"href":"https:\/\/streetmarkets.fr\/app\/wp-json\/wp\/v2\/types\/product"}],"replies":[{"embeddable":true,"href":"https:\/\/streetmarkets.fr\/app\/wp-json\/wp\/v2\/comments?post=2183308"}],"wp:featuredmedia":[{"embeddable":true,"href":"https:\/\/streetmarkets.fr\/app\/wp-json\/wp\/v2\/media\/2183309"}],"wp:attachment":[{"href":"https:\/\/streetmarkets.fr\/app\/wp-json\/wp\/v2\/media?parent=2183308"}],"wp:term":[{"taxonomy":"product_brand","embeddable":true,"href":"https:\/\/streetmarkets.fr\/app\/wp-json\/wp\/v2\/product_brand?post=2183308"},{"taxonomy":"product_cat","embeddable":true,"href":"https:\/\/streetmarkets.fr\/app\/wp-json\/wp\/v2\/product_cat?post=2183308"},{"taxonomy":"product_tag","embeddable":true,"href":"https:\/\/streetmarkets.fr\/app\/wp-json\/wp\/v2\/product_tag?post=2183308"}],"curies":[{"name":"wp","href":"https:\/\/api.w.org\/{rel}","templated":true}]}}