{"id":2183227,"date":"2025-07-06T01:53:36","date_gmt":"2025-07-05T23:53:36","guid":{"rendered":"https:\/\/streetmarkets.fr\/app\/produit\/jogging-droit-h25-femme-pop-blue\/"},"modified":"2026-01-30T00:48:55","modified_gmt":"2026-01-29T23:48:55","slug":"jogging-droit-h25-femme-pop-blue","status":"publish","type":"product","link":"https:\/\/streetmarkets.fr\/app\/produit\/jogging-droit-h25-femme-pop-blue\/","title":{"rendered":"Jogging Droit (H25 \/ FEMME \/ Pop Blue)"},"content":{"rendered":"<p>&#8211; Jogging large en laine M\u00e9rinos 4 fils certifi\u00e9e RWS\u00ae Femme <br \/>&#8211; Broderie &#8220;FF&#8221;<br \/>&#8211; Taille \u00e9lastiqu\u00e9e <br \/>&#8211; Coupe regular <br \/>&#8211; Laine m\u00e9rinos : respirante et thermor\u00e9gulatrice, elle peut \u00eatre port\u00e9e \u00e9t\u00e9 comme hiver<\/p>\n","protected":false},"excerpt":{"rendered":"<p>&#8211; Jogging large en laine M\u00e9rinos 4 fils certifi\u00e9e RWS\u00ae Femme &#8211; Broderie &#8220;FF&#8221;&#8211; Taille \u00e9lastiqu\u00e9e &#8211; Coupe regular &#8211; Laine m\u00e9rinos : respirante et thermor\u00e9gulatrice, elle peut \u00eatre port\u00e9e \u00e9t\u00e9 comme hiver<\/p>\n","protected":false},"featured_media":2183228,"comment_status":"open","ping_status":"closed","template":"","meta":[],"product_brand":[6868],"product_cat":[1756,1762],"product_tag":[2244],"acf":[],"_links":{"self":[{"href":"https:\/\/streetmarkets.fr\/app\/wp-json\/wp\/v2\/product\/2183227"}],"collection":[{"href":"https:\/\/streetmarkets.fr\/app\/wp-json\/wp\/v2\/product"}],"about":[{"href":"https:\/\/streetmarkets.fr\/app\/wp-json\/wp\/v2\/types\/product"}],"replies":[{"embeddable":true,"href":"https:\/\/streetmarkets.fr\/app\/wp-json\/wp\/v2\/comments?post=2183227"}],"wp:featuredmedia":[{"embeddable":true,"href":"https:\/\/streetmarkets.fr\/app\/wp-json\/wp\/v2\/media\/2183228"}],"wp:attachment":[{"href":"https:\/\/streetmarkets.fr\/app\/wp-json\/wp\/v2\/media?parent=2183227"}],"wp:term":[{"taxonomy":"product_brand","embeddable":true,"href":"https:\/\/streetmarkets.fr\/app\/wp-json\/wp\/v2\/product_brand?post=2183227"},{"taxonomy":"product_cat","embeddable":true,"href":"https:\/\/streetmarkets.fr\/app\/wp-json\/wp\/v2\/product_cat?post=2183227"},{"taxonomy":"product_tag","embeddable":true,"href":"https:\/\/streetmarkets.fr\/app\/wp-json\/wp\/v2\/product_tag?post=2183227"}],"curies":[{"name":"wp","href":"https:\/\/api.w.org\/{rel}","templated":true}]}}