{"id":2183215,"date":"2025-07-06T01:53:35","date_gmt":"2025-07-05T23:53:35","guid":{"rendered":"https:\/\/streetmarkets.fr\/app\/produit\/jogging-droit-h25-femme-ecru\/"},"modified":"2026-02-27T00:52:04","modified_gmt":"2026-02-26T23:52:04","slug":"jogging-droit-h25-femme-ecru","status":"publish","type":"product","link":"https:\/\/streetmarkets.fr\/app\/produit\/jogging-droit-h25-femme-ecru\/","title":{"rendered":"Jogging Droit Cachemire Bross\u00e9 (H25 \/ FEMME \/ Ecru)"},"content":{"rendered":"<p>&#8211; Jogging large en cachemire bross\u00e9 2 fils certifi\u00e9 GCS\u00ae Femme<br \/>\n<br \/>&#8211; Torsades<br \/>\n<br \/>&#8211; Taille \u00e9lastiqu\u00e9e<br \/>\n<br \/>&#8211; Coupe slim<br \/>\n<br \/>&#8211; Le Good Cashmere Standard\u00ae (GCS) est une norme ind\u00e9pendante pour un cachemire plus durable et plus responsable. Il vise \u00e0 am\u00e9liorer le bien-\u00eatre des ch\u00e8vres cachemire, les conditions de travail des \u00e9leveurs ainsi qu&#8217;\u00e0 prot\u00e9ger l&#8217;environnement.<\/p>\n","protected":false},"excerpt":{"rendered":"<p>&#8211; Jogging large en cachemire bross\u00e9 2 fils certifi\u00e9 GCS\u00ae Femme &#8211; Torsades &#8211; Taille \u00e9lastiqu\u00e9e &#8211; Coupe slim &#8211; Le Good Cashmere Standard\u00ae (GCS) est une norme ind\u00e9pendante pour un cachemire plus durable et plus responsable. Il vise \u00e0 am\u00e9liorer le bien-\u00eatre des ch\u00e8vres cachemire, les conditions de travail des \u00e9leveurs ainsi qu&#8217;\u00e0 prot\u00e9ger [&hellip;]<\/p>\n","protected":false},"featured_media":2183216,"comment_status":"open","ping_status":"closed","template":"","meta":[],"product_brand":[6868],"product_cat":[1756,1762],"product_tag":[2244],"acf":[],"_links":{"self":[{"href":"https:\/\/streetmarkets.fr\/app\/wp-json\/wp\/v2\/product\/2183215"}],"collection":[{"href":"https:\/\/streetmarkets.fr\/app\/wp-json\/wp\/v2\/product"}],"about":[{"href":"https:\/\/streetmarkets.fr\/app\/wp-json\/wp\/v2\/types\/product"}],"replies":[{"embeddable":true,"href":"https:\/\/streetmarkets.fr\/app\/wp-json\/wp\/v2\/comments?post=2183215"}],"wp:featuredmedia":[{"embeddable":true,"href":"https:\/\/streetmarkets.fr\/app\/wp-json\/wp\/v2\/media\/2183216"}],"wp:attachment":[{"href":"https:\/\/streetmarkets.fr\/app\/wp-json\/wp\/v2\/media?parent=2183215"}],"wp:term":[{"taxonomy":"product_brand","embeddable":true,"href":"https:\/\/streetmarkets.fr\/app\/wp-json\/wp\/v2\/product_brand?post=2183215"},{"taxonomy":"product_cat","embeddable":true,"href":"https:\/\/streetmarkets.fr\/app\/wp-json\/wp\/v2\/product_cat?post=2183215"},{"taxonomy":"product_tag","embeddable":true,"href":"https:\/\/streetmarkets.fr\/app\/wp-json\/wp\/v2\/product_tag?post=2183215"}],"curies":[{"name":"wp","href":"https:\/\/api.w.org\/{rel}","templated":true}]}}