{"id":2183208,"date":"2025-07-06T01:53:33","date_gmt":"2025-07-05T23:53:33","guid":{"rendered":"https:\/\/streetmarkets.fr\/app\/produit\/pull-col-rond-h25-homme-twilight-navy\/"},"modified":"2026-02-25T00:53:30","modified_gmt":"2026-02-24T23:53:30","slug":"pull-col-rond-h25-homme-twilight-navy","status":"publish","type":"product","link":"https:\/\/streetmarkets.fr\/app\/produit\/pull-col-rond-h25-homme-twilight-navy\/","title":{"rendered":"Pull Col Rond (H25 \/ HOMME \/ Twilight Navy)"},"content":{"rendered":"<p>&#8211; Pull en cachemire 4 fils certifi\u00e9 GCS\u00ae Homme<br \/>\n<br \/>&#8211; Col rond \u00e9pais<br \/>\n<br \/>&#8211; Manches longues<br \/>\n<br \/>&#8211; Coupe regular<br \/>\n<br \/>&#8211; Bas contrast\u00e9<br \/>\n<br \/>&#8211; Le Good Cashmere Standard\u00ae (GCS) est une norme ind\u00e9pendante pour un cachemire plus durable et plus responsable. Il vise \u00e0 am\u00e9liorer le bien-\u00eatre des ch\u00e8vres cachemire, les conditions de travail des \u00e9leveurs ainsi qu&#8217;\u00e0 prot\u00e9ger l&#8217;environnement.<\/p>\n","protected":false},"excerpt":{"rendered":"<p>&#8211; Pull en cachemire 4 fils certifi\u00e9 GCS\u00ae Homme &#8211; Col rond \u00e9pais &#8211; Manches longues &#8211; Coupe regular &#8211; Bas contrast\u00e9 &#8211; Le Good Cashmere Standard\u00ae (GCS) est une norme ind\u00e9pendante pour un cachemire plus durable et plus responsable. Il vise \u00e0 am\u00e9liorer le bien-\u00eatre des ch\u00e8vres cachemire, les conditions de travail des \u00e9leveurs [&hellip;]<\/p>\n","protected":false},"featured_media":2183209,"comment_status":"open","ping_status":"closed","template":"","meta":[],"product_brand":[6868],"product_cat":[1756,1758],"product_tag":[2244],"acf":[],"_links":{"self":[{"href":"https:\/\/streetmarkets.fr\/app\/wp-json\/wp\/v2\/product\/2183208"}],"collection":[{"href":"https:\/\/streetmarkets.fr\/app\/wp-json\/wp\/v2\/product"}],"about":[{"href":"https:\/\/streetmarkets.fr\/app\/wp-json\/wp\/v2\/types\/product"}],"replies":[{"embeddable":true,"href":"https:\/\/streetmarkets.fr\/app\/wp-json\/wp\/v2\/comments?post=2183208"}],"wp:featuredmedia":[{"embeddable":true,"href":"https:\/\/streetmarkets.fr\/app\/wp-json\/wp\/v2\/media\/2183209"}],"wp:attachment":[{"href":"https:\/\/streetmarkets.fr\/app\/wp-json\/wp\/v2\/media?parent=2183208"}],"wp:term":[{"taxonomy":"product_brand","embeddable":true,"href":"https:\/\/streetmarkets.fr\/app\/wp-json\/wp\/v2\/product_brand?post=2183208"},{"taxonomy":"product_cat","embeddable":true,"href":"https:\/\/streetmarkets.fr\/app\/wp-json\/wp\/v2\/product_cat?post=2183208"},{"taxonomy":"product_tag","embeddable":true,"href":"https:\/\/streetmarkets.fr\/app\/wp-json\/wp\/v2\/product_tag?post=2183208"}],"curies":[{"name":"wp","href":"https:\/\/api.w.org\/{rel}","templated":true}]}}