{"id":2183194,"date":"2025-07-06T01:53:31","date_gmt":"2025-07-05T23:53:31","guid":{"rendered":"https:\/\/streetmarkets.fr\/app\/produit\/pull-col-rond-paris-h25-homme-ecru\/"},"modified":"2026-02-18T00:54:35","modified_gmt":"2026-02-17T23:54:35","slug":"pull-col-rond-paris-h25-homme-ecru","status":"publish","type":"product","link":"https:\/\/streetmarkets.fr\/app\/produit\/pull-col-rond-paris-h25-homme-ecru\/","title":{"rendered":"Pull Col Rond Paris (H25 \/ HOMME \/ Ecru)"},"content":{"rendered":"<p>&#8211; Pull en cachemire 4 fils certifi\u00e9 GCS\u00ae Homme <br \/>&#8211; Col rond <br \/>&#8211; Manches longues <br \/>&#8211; Illustration &#8220;Rues de Paris&#8221; <br \/>&#8211; Coupe regular <br \/>&#8211; Finitions c\u00f4tel\u00e9es <br \/>&#8211; Le Good Cashmere Standard\u00ae (GCS) est une norme ind\u00e9pendante pour un cachemire plus durable et plus responsable. Il vise \u00e0 am\u00e9liorer le bien-\u00eatre des ch\u00e8vres cachemire, les conditions de travail des \u00e9leveurs ainsi qu&#8217;\u00e0 prot\u00e9ger l&#8217;environnement.<\/p>\n","protected":false},"excerpt":{"rendered":"<p>&#8211; Pull en cachemire 4 fils certifi\u00e9 GCS\u00ae Homme &#8211; Col rond &#8211; Manches longues &#8211; Illustration &#8220;Rues de Paris&#8221; &#8211; Coupe regular &#8211; Finitions c\u00f4tel\u00e9es &#8211; Le Good Cashmere Standard\u00ae (GCS) est une norme ind\u00e9pendante pour un cachemire plus durable et plus responsable. Il vise \u00e0 am\u00e9liorer le bien-\u00eatre des ch\u00e8vres cachemire, les conditions [&hellip;]<\/p>\n","protected":false},"featured_media":2183195,"comment_status":"open","ping_status":"closed","template":"","meta":[],"product_brand":[6868],"product_cat":[1756,1758],"product_tag":[2244],"acf":[],"_links":{"self":[{"href":"https:\/\/streetmarkets.fr\/app\/wp-json\/wp\/v2\/product\/2183194"}],"collection":[{"href":"https:\/\/streetmarkets.fr\/app\/wp-json\/wp\/v2\/product"}],"about":[{"href":"https:\/\/streetmarkets.fr\/app\/wp-json\/wp\/v2\/types\/product"}],"replies":[{"embeddable":true,"href":"https:\/\/streetmarkets.fr\/app\/wp-json\/wp\/v2\/comments?post=2183194"}],"wp:featuredmedia":[{"embeddable":true,"href":"https:\/\/streetmarkets.fr\/app\/wp-json\/wp\/v2\/media\/2183195"}],"wp:attachment":[{"href":"https:\/\/streetmarkets.fr\/app\/wp-json\/wp\/v2\/media?parent=2183194"}],"wp:term":[{"taxonomy":"product_brand","embeddable":true,"href":"https:\/\/streetmarkets.fr\/app\/wp-json\/wp\/v2\/product_brand?post=2183194"},{"taxonomy":"product_cat","embeddable":true,"href":"https:\/\/streetmarkets.fr\/app\/wp-json\/wp\/v2\/product_cat?post=2183194"},{"taxonomy":"product_tag","embeddable":true,"href":"https:\/\/streetmarkets.fr\/app\/wp-json\/wp\/v2\/product_tag?post=2183194"}],"curies":[{"name":"wp","href":"https:\/\/api.w.org\/{rel}","templated":true}]}}