{"id":2182505,"date":"2025-07-06T01:14:15","date_gmt":"2025-07-05T23:14:15","guid":{"rendered":"https:\/\/streetmarkets.fr\/app\/produit\/soutien-gorge-foulard-dawa-grenat\/"},"modified":"2025-11-24T00:15:18","modified_gmt":"2025-11-23T23:15:18","slug":"soutien-gorge-foulard-dawa-grenat","status":"publish","type":"product","link":"https:\/\/streetmarkets.fr\/app\/produit\/soutien-gorge-foulard-dawa-grenat\/","title":{"rendered":"Soutien-gorge foulard Dawa &#8211; Grenat"},"content":{"rendered":"<p>Un joli d\u00e9collet\u00e9 sans sacrifier le confort. Ce mod\u00e8le foulard enveloppe bien la poitrine, soutient et dessine une ligne flatteuse sous les v\u00eatements gr\u00e2ce \u00e0 sa doublure en tulle invisible. Les bretelles r\u00e9glables et le dos \u00e0 3 agrafages permettent d\u2019ajuster facilement le maintien selon votre journ\u00e9e.<br \/>\nC\u00f4t\u00e9 mati\u00e8res, on est sur de la lingerie \u00e9thique qui coche les bonnes cases : coton bio certifi\u00e9 GOTS, dentelle contenant des fibres recycl\u00e9es et teintures certifi\u00e9es Oeko-Tex 100. Le tout en fabrication europ\u00e9enne, avec une belle couleur grenat \u00e9l\u00e9gante qui change du noir sans perdre en chic.<\/p>\n","protected":false},"excerpt":{"rendered":"<p>Un joli d\u00e9collet\u00e9 sans sacrifier le confort. Ce mod\u00e8le foulard enveloppe bien la poitrine, soutient et dessine une ligne flatteuse sous les v\u00eatements gr\u00e2ce \u00e0 sa doublure en tulle invisible. Les bretelles r\u00e9glables et le dos \u00e0 3 agrafages permettent d\u2019ajuster facilement le maintien selon votre journ\u00e9e. C\u00f4t\u00e9 mati\u00e8res, on est sur de la lingerie [&hellip;]<\/p>\n","protected":false},"featured_media":2182506,"comment_status":"open","ping_status":"closed","template":"","meta":[],"product_brand":[],"product_cat":[1756,1762],"product_tag":[1810],"acf":[],"_links":{"self":[{"href":"https:\/\/streetmarkets.fr\/app\/wp-json\/wp\/v2\/product\/2182505"}],"collection":[{"href":"https:\/\/streetmarkets.fr\/app\/wp-json\/wp\/v2\/product"}],"about":[{"href":"https:\/\/streetmarkets.fr\/app\/wp-json\/wp\/v2\/types\/product"}],"replies":[{"embeddable":true,"href":"https:\/\/streetmarkets.fr\/app\/wp-json\/wp\/v2\/comments?post=2182505"}],"wp:featuredmedia":[{"embeddable":true,"href":"https:\/\/streetmarkets.fr\/app\/wp-json\/wp\/v2\/media\/2182506"}],"wp:attachment":[{"href":"https:\/\/streetmarkets.fr\/app\/wp-json\/wp\/v2\/media?parent=2182505"}],"wp:term":[{"taxonomy":"product_brand","embeddable":true,"href":"https:\/\/streetmarkets.fr\/app\/wp-json\/wp\/v2\/product_brand?post=2182505"},{"taxonomy":"product_cat","embeddable":true,"href":"https:\/\/streetmarkets.fr\/app\/wp-json\/wp\/v2\/product_cat?post=2182505"},{"taxonomy":"product_tag","embeddable":true,"href":"https:\/\/streetmarkets.fr\/app\/wp-json\/wp\/v2\/product_tag?post=2182505"}],"curies":[{"name":"wp","href":"https:\/\/api.w.org\/{rel}","templated":true}]}}