{"id":2176571,"date":"2025-07-05T01:24:48","date_gmt":"2025-07-04T23:24:48","guid":{"rendered":"https:\/\/streetmarkets.fr\/app\/produit\/maxi-eventail-fluid-shapes\/"},"modified":"2026-05-11T01:15:52","modified_gmt":"2026-05-10T23:15:52","slug":"maxi-eventail-fluid-shapes","status":"publish","type":"product","link":"https:\/\/streetmarkets.fr\/app\/produit\/maxi-eventail-fluid-shapes\/","title":{"rendered":"Maxi Eventail Fluid Shapes"},"content":{"rendered":"<p class=\"p1\"><a href=\"https:\/\/frenchtouche.com\/collections\/a-fan-of\" title=\"Collection A Fan Of\"><span><strong>Collection A Fan Of<\/strong><\/span><\/a><\/p>\n<p><span>\u00c9ventail en bois de poirier poli avec tissu 100 % coton jaune, d\u00e9coup\u00e9 \u00e0 la main en forme ondul\u00e9e et teint en bleu par s\u00e9rigraphie.<\/span><\/p>\n<ul>\n<li>Dimensions : environ 27 cm ferm\u00e9 \/ environ 50 cm ouvert<\/li>\n<li>100% coton<\/li>\n<li><span>Tige en bois de poirier sans vernis<\/span><\/li>\n<li>Boucle d\u2019accroche dor\u00e9e brillante\n<\/li>\n<li>Encres \u00e9cologiques<\/li>\n<li><span>Gravure &#8221; A FAN OF &#8221; r\u00e9alis\u00e9e \u00e0 la main avec un marquage \u00e0 chaud, un syst\u00e8me d\u2019impression par transfert thermique<\/span><\/li>\n<li>Fabriqu\u00e9 \u00e0 la main en Espagne<\/li>\n<li>Livr\u00e9 dans sa pochette de transport en papier recycl\u00e9<\/li>\n<li>\n<em>Les \u00e9ventails A Fan Of sont des pi\u00e8ces uniques, fabriqu\u00e9es \u00e0 la main localement en Espagne, en utilisant des mat\u00e9riaux et des proc\u00e9d\u00e9s durables<\/em>\n<\/li>\n<\/ul>\n","protected":false},"excerpt":{"rendered":"<p>Collection A Fan Of \u00c9ventail en bois de poirier poli avec tissu 100 % coton jaune, d\u00e9coup\u00e9 \u00e0 la main en forme ondul\u00e9e et teint en bleu par s\u00e9rigraphie. Dimensions : environ 27 cm ferm\u00e9 \/ environ 50 cm ouvert 100% coton Tige en bois de poirier sans vernis Boucle d\u2019accroche dor\u00e9e brillante Encres \u00e9cologiques [&hellip;]<\/p>\n","protected":false},"featured_media":2176572,"comment_status":"open","ping_status":"closed","template":"","meta":[],"product_brand":[],"product_cat":[1756,1764],"product_tag":[2244,1813],"acf":[],"_links":{"self":[{"href":"https:\/\/streetmarkets.fr\/app\/wp-json\/wp\/v2\/product\/2176571"}],"collection":[{"href":"https:\/\/streetmarkets.fr\/app\/wp-json\/wp\/v2\/product"}],"about":[{"href":"https:\/\/streetmarkets.fr\/app\/wp-json\/wp\/v2\/types\/product"}],"replies":[{"embeddable":true,"href":"https:\/\/streetmarkets.fr\/app\/wp-json\/wp\/v2\/comments?post=2176571"}],"wp:featuredmedia":[{"embeddable":true,"href":"https:\/\/streetmarkets.fr\/app\/wp-json\/wp\/v2\/media\/2176572"}],"wp:attachment":[{"href":"https:\/\/streetmarkets.fr\/app\/wp-json\/wp\/v2\/media?parent=2176571"}],"wp:term":[{"taxonomy":"product_brand","embeddable":true,"href":"https:\/\/streetmarkets.fr\/app\/wp-json\/wp\/v2\/product_brand?post=2176571"},{"taxonomy":"product_cat","embeddable":true,"href":"https:\/\/streetmarkets.fr\/app\/wp-json\/wp\/v2\/product_cat?post=2176571"},{"taxonomy":"product_tag","embeddable":true,"href":"https:\/\/streetmarkets.fr\/app\/wp-json\/wp\/v2\/product_tag?post=2176571"}],"curies":[{"name":"wp","href":"https:\/\/api.w.org\/{rel}","templated":true}]}}