{"id":2158461,"date":"2025-07-02T02:08:27","date_gmt":"2025-07-02T00:08:27","guid":{"rendered":"https:\/\/streetmarkets.fr\/app\/produit\/nouveau-re-done-t-shirt-classic-tee-snoopy-moon-lapis-precommande\/"},"modified":"2026-05-09T02:04:23","modified_gmt":"2026-05-09T00:04:23","slug":"nouveau-re-done-t-shirt-classic-tee-snoopy-moon-lapis-precommande","status":"publish","type":"product","link":"https:\/\/streetmarkets.fr\/app\/produit\/nouveau-re-done-t-shirt-classic-tee-snoopy-moon-lapis-precommande\/","title":{"rendered":"RE\/DONE T-shirt Classic Tee Snoopy Moon Lapis"},"content":{"rendered":"<p data-rte-preserve-empty=\"true\">T-shirt \u00e0 motif Snoopy On The Moon, en coton, souple et tout doux, encolure arrondie, manches courtes.<\/p>\n<p data-rte-preserve-empty=\"true\">D\u00e9tail : 70% coton, 30% coton recycl\u00e9<\/p>\n","protected":false},"excerpt":{"rendered":"<p>T-shirt \u00e0 motif Snoopy On The Moon, en coton, souple et tout doux, encolure arrondie, manches courtes. D\u00e9tail : 70% coton, 30% coton recycl\u00e9<\/p>\n","protected":false},"featured_media":2158462,"comment_status":"open","ping_status":"closed","template":"","meta":[],"product_brand":[],"product_cat":[1756,1762],"product_tag":[2244,2122],"acf":[],"_links":{"self":[{"href":"https:\/\/streetmarkets.fr\/app\/wp-json\/wp\/v2\/product\/2158461"}],"collection":[{"href":"https:\/\/streetmarkets.fr\/app\/wp-json\/wp\/v2\/product"}],"about":[{"href":"https:\/\/streetmarkets.fr\/app\/wp-json\/wp\/v2\/types\/product"}],"replies":[{"embeddable":true,"href":"https:\/\/streetmarkets.fr\/app\/wp-json\/wp\/v2\/comments?post=2158461"}],"wp:featuredmedia":[{"embeddable":true,"href":"https:\/\/streetmarkets.fr\/app\/wp-json\/wp\/v2\/media\/2158462"}],"wp:attachment":[{"href":"https:\/\/streetmarkets.fr\/app\/wp-json\/wp\/v2\/media?parent=2158461"}],"wp:term":[{"taxonomy":"product_brand","embeddable":true,"href":"https:\/\/streetmarkets.fr\/app\/wp-json\/wp\/v2\/product_brand?post=2158461"},{"taxonomy":"product_cat","embeddable":true,"href":"https:\/\/streetmarkets.fr\/app\/wp-json\/wp\/v2\/product_cat?post=2158461"},{"taxonomy":"product_tag","embeddable":true,"href":"https:\/\/streetmarkets.fr\/app\/wp-json\/wp\/v2\/product_tag?post=2158461"}],"curies":[{"name":"wp","href":"https:\/\/api.w.org\/{rel}","templated":true}]}}