{"id":2158455,"date":"2025-07-02T02:08:26","date_gmt":"2025-07-02T00:08:26","guid":{"rendered":"https:\/\/streetmarkets.fr\/app\/produit\/nouveau-re-done-t-shirt-classic-tee-snoopy-dancing-lavender-precommande\/"},"modified":"2026-05-04T02:06:30","modified_gmt":"2026-05-04T00:06:30","slug":"nouveau-re-done-t-shirt-classic-tee-snoopy-dancing-lavender-precommande","status":"publish","type":"product","link":"https:\/\/streetmarkets.fr\/app\/produit\/nouveau-re-done-t-shirt-classic-tee-snoopy-dancing-lavender-precommande\/","title":{"rendered":"RE\/DONE T-shirt Classic Tee Snoopy Dancing Lavender"},"content":{"rendered":"<p data-rte-preserve-empty=\"true\">T-shirt \u00e0 motif Snoopy Dancing, en coton, souple et tout doux, encolure arrondie, manches courtes.<\/p>\n<p data-rte-preserve-empty=\"true\">D\u00e9tail : 70% coton, 30% coton recycl\u00e9<\/p>\n","protected":false},"excerpt":{"rendered":"<p>T-shirt \u00e0 motif Snoopy Dancing, en coton, souple et tout doux, encolure arrondie, manches courtes. D\u00e9tail : 70% coton, 30% coton recycl\u00e9<\/p>\n","protected":false},"featured_media":2158456,"comment_status":"open","ping_status":"closed","template":"","meta":[],"product_brand":[],"product_cat":[1756,1762],"product_tag":[2244,2122],"acf":[],"_links":{"self":[{"href":"https:\/\/streetmarkets.fr\/app\/wp-json\/wp\/v2\/product\/2158455"}],"collection":[{"href":"https:\/\/streetmarkets.fr\/app\/wp-json\/wp\/v2\/product"}],"about":[{"href":"https:\/\/streetmarkets.fr\/app\/wp-json\/wp\/v2\/types\/product"}],"replies":[{"embeddable":true,"href":"https:\/\/streetmarkets.fr\/app\/wp-json\/wp\/v2\/comments?post=2158455"}],"wp:featuredmedia":[{"embeddable":true,"href":"https:\/\/streetmarkets.fr\/app\/wp-json\/wp\/v2\/media\/2158456"}],"wp:attachment":[{"href":"https:\/\/streetmarkets.fr\/app\/wp-json\/wp\/v2\/media?parent=2158455"}],"wp:term":[{"taxonomy":"product_brand","embeddable":true,"href":"https:\/\/streetmarkets.fr\/app\/wp-json\/wp\/v2\/product_brand?post=2158455"},{"taxonomy":"product_cat","embeddable":true,"href":"https:\/\/streetmarkets.fr\/app\/wp-json\/wp\/v2\/product_cat?post=2158455"},{"taxonomy":"product_tag","embeddable":true,"href":"https:\/\/streetmarkets.fr\/app\/wp-json\/wp\/v2\/product_tag?post=2158455"}],"curies":[{"name":"wp","href":"https:\/\/api.w.org\/{rel}","templated":true}]}}