{"id":2158419,"date":"2025-07-02T02:08:20","date_gmt":"2025-07-02T00:08:20","guid":{"rendered":"https:\/\/streetmarkets.fr\/app\/produit\/nouveau-re-done-t-shirt-classic-tee-snoopy-surfs-up-vintage-white-precommande\/"},"modified":"2026-05-06T02:03:27","modified_gmt":"2026-05-06T00:03:27","slug":"nouveau-re-done-t-shirt-classic-tee-snoopy-surfs-up-vintage-white-precommande","status":"publish","type":"product","link":"https:\/\/streetmarkets.fr\/app\/produit\/nouveau-re-done-t-shirt-classic-tee-snoopy-surfs-up-vintage-white-precommande\/","title":{"rendered":"RE\/DONE T-shirt Classic Tee Snoopy Surfs Up Vintage White"},"content":{"rendered":"<p data-rte-preserve-empty=\"true\">T-shirt Snoopy en coton, souple et tout doux, encolure arrondie, manches courtes, \u00e0 surtailler pour le porter nou\u00e9 en mode boyfriend tee-shirt. <\/p>\n<p data-rte-preserve-empty=\"true\">Le mod\u00e8le taille petit.<\/p>\n<p data-rte-preserve-empty=\"true\">D\u00e9tail : 70% coton, 30% coton recycl\u00e9<\/p>\n","protected":false},"excerpt":{"rendered":"<p>T-shirt Snoopy en coton, souple et tout doux, encolure arrondie, manches courtes, \u00e0 surtailler pour le porter nou\u00e9 en mode boyfriend tee-shirt. Le mod\u00e8le taille petit. D\u00e9tail : 70% coton, 30% coton recycl\u00e9<\/p>\n","protected":false},"featured_media":2158420,"comment_status":"open","ping_status":"closed","template":"","meta":[],"product_brand":[],"product_cat":[1756,1762],"product_tag":[2244,2122],"acf":[],"_links":{"self":[{"href":"https:\/\/streetmarkets.fr\/app\/wp-json\/wp\/v2\/product\/2158419"}],"collection":[{"href":"https:\/\/streetmarkets.fr\/app\/wp-json\/wp\/v2\/product"}],"about":[{"href":"https:\/\/streetmarkets.fr\/app\/wp-json\/wp\/v2\/types\/product"}],"replies":[{"embeddable":true,"href":"https:\/\/streetmarkets.fr\/app\/wp-json\/wp\/v2\/comments?post=2158419"}],"wp:featuredmedia":[{"embeddable":true,"href":"https:\/\/streetmarkets.fr\/app\/wp-json\/wp\/v2\/media\/2158420"}],"wp:attachment":[{"href":"https:\/\/streetmarkets.fr\/app\/wp-json\/wp\/v2\/media?parent=2158419"}],"wp:term":[{"taxonomy":"product_brand","embeddable":true,"href":"https:\/\/streetmarkets.fr\/app\/wp-json\/wp\/v2\/product_brand?post=2158419"},{"taxonomy":"product_cat","embeddable":true,"href":"https:\/\/streetmarkets.fr\/app\/wp-json\/wp\/v2\/product_cat?post=2158419"},{"taxonomy":"product_tag","embeddable":true,"href":"https:\/\/streetmarkets.fr\/app\/wp-json\/wp\/v2\/product_tag?post=2158419"}],"curies":[{"name":"wp","href":"https:\/\/api.w.org\/{rel}","templated":true}]}}