{"id":2145810,"date":"2025-06-29T08:41:50","date_gmt":"2025-06-29T06:41:50","guid":{"rendered":"https:\/\/streetmarkets.fr\/app\/produit\/top-formentera-army-orange-love-and-let-dye\/"},"modified":"2026-05-03T08:38:34","modified_gmt":"2026-05-03T06:38:34","slug":"top-formentera-army-orange-love-and-let-dye","status":"publish","type":"product","link":"https:\/\/streetmarkets.fr\/app\/produit\/top-formentera-army-orange-love-and-let-dye\/","title":{"rendered":"Top FORMENTERA army orange &#8211; Love and Let Dye"},"content":{"rendered":"<p><span>Le top Formentera, petit fr\u00e8re de la robe du m\u00eame nom.\u00a0<\/span><\/p>\n<p><span>Une coupe ample, gr\u00e2ce \u00e0 ses nombreuses petites fronces mais des manches ajust\u00e9es afin de conserver une silhouette fine.<\/span><\/p>\n<p>Cr\u00e9atrices fran\u00e7aises\u00a0<\/p>\n","protected":false},"excerpt":{"rendered":"<p>Le top Formentera, petit fr\u00e8re de la robe du m\u00eame nom.\u00a0 Une coupe ample, gr\u00e2ce \u00e0 ses nombreuses petites fronces mais des manches ajust\u00e9es afin de conserver une silhouette fine. Cr\u00e9atrices fran\u00e7aises\u00a0<\/p>\n","protected":false},"featured_media":2145811,"comment_status":"open","ping_status":"closed","template":"","meta":[],"product_brand":[],"product_cat":[1756,1762],"product_tag":[2244],"acf":[],"_links":{"self":[{"href":"https:\/\/streetmarkets.fr\/app\/wp-json\/wp\/v2\/product\/2145810"}],"collection":[{"href":"https:\/\/streetmarkets.fr\/app\/wp-json\/wp\/v2\/product"}],"about":[{"href":"https:\/\/streetmarkets.fr\/app\/wp-json\/wp\/v2\/types\/product"}],"replies":[{"embeddable":true,"href":"https:\/\/streetmarkets.fr\/app\/wp-json\/wp\/v2\/comments?post=2145810"}],"wp:featuredmedia":[{"embeddable":true,"href":"https:\/\/streetmarkets.fr\/app\/wp-json\/wp\/v2\/media\/2145811"}],"wp:attachment":[{"href":"https:\/\/streetmarkets.fr\/app\/wp-json\/wp\/v2\/media?parent=2145810"}],"wp:term":[{"taxonomy":"product_brand","embeddable":true,"href":"https:\/\/streetmarkets.fr\/app\/wp-json\/wp\/v2\/product_brand?post=2145810"},{"taxonomy":"product_cat","embeddable":true,"href":"https:\/\/streetmarkets.fr\/app\/wp-json\/wp\/v2\/product_cat?post=2145810"},{"taxonomy":"product_tag","embeddable":true,"href":"https:\/\/streetmarkets.fr\/app\/wp-json\/wp\/v2\/product_tag?post=2145810"}],"curies":[{"name":"wp","href":"https:\/\/api.w.org\/{rel}","templated":true}]}}