{"id":2145795,"date":"2025-06-29T08:41:49","date_gmt":"2025-06-29T06:41:49","guid":{"rendered":"https:\/\/streetmarkets.fr\/app\/produit\/pantalon-sky-check-pink-love-and-let-dye\/"},"modified":"2026-05-10T08:38:23","modified_gmt":"2026-05-10T06:38:23","slug":"pantalon-sky-check-pink-love-and-let-dye","status":"publish","type":"product","link":"https:\/\/streetmarkets.fr\/app\/produit\/pantalon-sky-check-pink-love-and-let-dye\/","title":{"rendered":"Pantalon Sky Check Pink &#8211; Love and Let Dye"},"content":{"rendered":"<p><span style=\"font-family: -apple-system, BlinkMacSystemFont, 'San Francisco', 'Segoe UI', Roboto, 'Helvetica Neue', sans-serif;font-size: 0.875rem\">Le pantalon Sky est \u00e9lastiqu\u00e9 \u00e0 la taille et ajustable gr\u00e2ce \u00e0 un lien, pour un look pointu mais n\u00e9anmoins d\u00e9contract\u00e9.<\/span><\/p>\n<p>Il existe deux tailles : XS\/S et M\/L<\/p>\n<p>Conseil taille : Prenez votre taille exacte\u00a0<\/p>\n","protected":false},"excerpt":{"rendered":"<p>Le pantalon Sky est \u00e9lastiqu\u00e9 \u00e0 la taille et ajustable gr\u00e2ce \u00e0 un lien, pour un look pointu mais n\u00e9anmoins d\u00e9contract\u00e9. Il existe deux tailles : XS\/S et M\/L Conseil taille : Prenez votre taille exacte\u00a0<\/p>\n","protected":false},"featured_media":2145796,"comment_status":"open","ping_status":"closed","template":"","meta":[],"product_brand":[],"product_cat":[1756,1762],"product_tag":[2244],"acf":[],"_links":{"self":[{"href":"https:\/\/streetmarkets.fr\/app\/wp-json\/wp\/v2\/product\/2145795"}],"collection":[{"href":"https:\/\/streetmarkets.fr\/app\/wp-json\/wp\/v2\/product"}],"about":[{"href":"https:\/\/streetmarkets.fr\/app\/wp-json\/wp\/v2\/types\/product"}],"replies":[{"embeddable":true,"href":"https:\/\/streetmarkets.fr\/app\/wp-json\/wp\/v2\/comments?post=2145795"}],"wp:featuredmedia":[{"embeddable":true,"href":"https:\/\/streetmarkets.fr\/app\/wp-json\/wp\/v2\/media\/2145796"}],"wp:attachment":[{"href":"https:\/\/streetmarkets.fr\/app\/wp-json\/wp\/v2\/media?parent=2145795"}],"wp:term":[{"taxonomy":"product_brand","embeddable":true,"href":"https:\/\/streetmarkets.fr\/app\/wp-json\/wp\/v2\/product_brand?post=2145795"},{"taxonomy":"product_cat","embeddable":true,"href":"https:\/\/streetmarkets.fr\/app\/wp-json\/wp\/v2\/product_cat?post=2145795"},{"taxonomy":"product_tag","embeddable":true,"href":"https:\/\/streetmarkets.fr\/app\/wp-json\/wp\/v2\/product_tag?post=2145795"}],"curies":[{"name":"wp","href":"https:\/\/api.w.org\/{rel}","templated":true}]}}