{"id":2140527,"date":"2025-06-29T01:16:09","date_gmt":"2025-06-28T23:16:09","guid":{"rendered":"https:\/\/streetmarkets.fr\/app\/produit\/barrette-selena-16-ronde-doree\/"},"modified":"2025-11-24T00:16:48","modified_gmt":"2025-11-23T23:16:48","slug":"barrette-selena-16-ronde-doree","status":"publish","type":"product","link":"https:\/\/streetmarkets.fr\/app\/produit\/barrette-selena-16-ronde-doree\/","title":{"rendered":"Barrette Selena 16 Ronde Dor\u00e9e"},"content":{"rendered":"<p>Un joli bijou de cheveux au design minimaliste pour sublimer une coiffure sans effort. Sa forme ronde (4,5 cm) capte la lumi\u00e8re et apporte une touche dor\u00e9e \u00e9l\u00e9gante, de la journ\u00e9e \u00e0 la soir\u00e9e. L\u2019alliage de zinc offre une pi\u00e8ce l\u00e9g\u00e8re et confortable qui maintient d\u00e9licatement une m\u00e8che, structure un demi-queue ou finit un chignon flou. Fabriqu\u00e9e en France par Bohomane, cette barrette cheveux dor\u00e9e est le petit d\u00e9tail chic qui change tout, \u00e0 porter au quotidien ou pour une occasion.<\/p>\n","protected":false},"excerpt":{"rendered":"<p>Un joli bijou de cheveux au design minimaliste pour sublimer une coiffure sans effort. Sa forme ronde (4,5 cm) capte la lumi\u00e8re et apporte une touche dor\u00e9e \u00e9l\u00e9gante, de la journ\u00e9e \u00e0 la soir\u00e9e. L\u2019alliage de zinc offre une pi\u00e8ce l\u00e9g\u00e8re et confortable qui maintient d\u00e9licatement une m\u00e8che, structure un demi-queue ou finit un chignon [&hellip;]<\/p>\n","protected":false},"featured_media":2140528,"comment_status":"open","ping_status":"closed","template":"","meta":[],"product_brand":[],"product_cat":[1756,1764],"product_tag":[1810],"acf":[],"_links":{"self":[{"href":"https:\/\/streetmarkets.fr\/app\/wp-json\/wp\/v2\/product\/2140527"}],"collection":[{"href":"https:\/\/streetmarkets.fr\/app\/wp-json\/wp\/v2\/product"}],"about":[{"href":"https:\/\/streetmarkets.fr\/app\/wp-json\/wp\/v2\/types\/product"}],"replies":[{"embeddable":true,"href":"https:\/\/streetmarkets.fr\/app\/wp-json\/wp\/v2\/comments?post=2140527"}],"wp:featuredmedia":[{"embeddable":true,"href":"https:\/\/streetmarkets.fr\/app\/wp-json\/wp\/v2\/media\/2140528"}],"wp:attachment":[{"href":"https:\/\/streetmarkets.fr\/app\/wp-json\/wp\/v2\/media?parent=2140527"}],"wp:term":[{"taxonomy":"product_brand","embeddable":true,"href":"https:\/\/streetmarkets.fr\/app\/wp-json\/wp\/v2\/product_brand?post=2140527"},{"taxonomy":"product_cat","embeddable":true,"href":"https:\/\/streetmarkets.fr\/app\/wp-json\/wp\/v2\/product_cat?post=2140527"},{"taxonomy":"product_tag","embeddable":true,"href":"https:\/\/streetmarkets.fr\/app\/wp-json\/wp\/v2\/product_tag?post=2140527"}],"curies":[{"name":"wp","href":"https:\/\/api.w.org\/{rel}","templated":true}]}}