{"id":2140499,"date":"2025-06-29T01:15:14","date_gmt":"2025-06-28T23:15:14","guid":{"rendered":"https:\/\/streetmarkets.fr\/app\/produit\/chouchou-cleo\/"},"modified":"2025-11-24T00:16:17","modified_gmt":"2025-11-23T23:16:17","slug":"chouchou-cleo","status":"publish","type":"product","link":"https:\/\/streetmarkets.fr\/app\/produit\/chouchou-cleo\/","title":{"rendered":"Chouchou Cl\u00e9o"},"content":{"rendered":"<p>Confectionn\u00e9 \u00e0 la main dans l\u2019atelier parisien de Laure Derrey, ce chouchou upcycl\u00e9 donne du peps \u00e0 une queue-de-cheval ou un chignon en deux secondes. Taill\u00e9 dans des chutes de tissus issues de la fabrication des headbands (elles-m\u00eames r\u00e9cup\u00e9r\u00e9es des productions de v\u00eatements), il transforme de beaux restes en un accessoire durable et styl\u00e9.<\/p>\n<p>Doux sur les longueurs, il maintient la coiffure tout en limitant les marques et la casse li\u00e9es aux \u00e9lastiques fins. On le porte dans les cheveux ou au poignet, pr\u00eat \u00e0 dompter une m\u00e8che rebelle et \u00e0 illuminer la tenue. Made in France, en petites s\u00e9ries, c\u2019est l\u2019accessoire cheveux femme \u00e0 la fois pratique et responsable.<\/p>\n","protected":false},"excerpt":{"rendered":"<p>Confectionn\u00e9 \u00e0 la main dans l\u2019atelier parisien de Laure Derrey, ce chouchou upcycl\u00e9 donne du peps \u00e0 une queue-de-cheval ou un chignon en deux secondes. Taill\u00e9 dans des chutes de tissus issues de la fabrication des headbands (elles-m\u00eames r\u00e9cup\u00e9r\u00e9es des productions de v\u00eatements), il transforme de beaux restes en un accessoire durable et styl\u00e9. Doux [&hellip;]<\/p>\n","protected":false},"featured_media":2140500,"comment_status":"open","ping_status":"closed","template":"","meta":[],"product_brand":[],"product_cat":[1756,1764],"product_tag":[1810],"acf":[],"_links":{"self":[{"href":"https:\/\/streetmarkets.fr\/app\/wp-json\/wp\/v2\/product\/2140499"}],"collection":[{"href":"https:\/\/streetmarkets.fr\/app\/wp-json\/wp\/v2\/product"}],"about":[{"href":"https:\/\/streetmarkets.fr\/app\/wp-json\/wp\/v2\/types\/product"}],"replies":[{"embeddable":true,"href":"https:\/\/streetmarkets.fr\/app\/wp-json\/wp\/v2\/comments?post=2140499"}],"wp:featuredmedia":[{"embeddable":true,"href":"https:\/\/streetmarkets.fr\/app\/wp-json\/wp\/v2\/media\/2140500"}],"wp:attachment":[{"href":"https:\/\/streetmarkets.fr\/app\/wp-json\/wp\/v2\/media?parent=2140499"}],"wp:term":[{"taxonomy":"product_brand","embeddable":true,"href":"https:\/\/streetmarkets.fr\/app\/wp-json\/wp\/v2\/product_brand?post=2140499"},{"taxonomy":"product_cat","embeddable":true,"href":"https:\/\/streetmarkets.fr\/app\/wp-json\/wp\/v2\/product_cat?post=2140499"},{"taxonomy":"product_tag","embeddable":true,"href":"https:\/\/streetmarkets.fr\/app\/wp-json\/wp\/v2\/product_tag?post=2140499"}],"curies":[{"name":"wp","href":"https:\/\/api.w.org\/{rel}","templated":true}]}}