{"id":2135179,"date":"2025-06-28T02:07:54","date_gmt":"2025-06-28T00:07:54","guid":{"rendered":"https:\/\/streetmarkets.fr\/app\/produit\/nouveau-mother-jean-the-the-tomcat-roller-i-confess\/"},"modified":"2026-04-20T01:59:38","modified_gmt":"2026-04-19T23:59:38","slug":"nouveau-mother-jean-the-the-tomcat-roller-i-confess","status":"publish","type":"product","link":"https:\/\/streetmarkets.fr\/app\/produit\/nouveau-mother-jean-the-the-tomcat-roller-i-confess\/","title":{"rendered":"MOTHER Jean The Tomcat Roller I Confess -50%"},"content":{"rendered":"<p data-rte-preserve-empty=\"true\">Le jean Tomcat Roller dans le wash I Confess, taille semi haute, coupe l\u00e9g\u00e8rement bootcut, jambe \u00e9vas\u00e9e. Coton sup\u00e9rieur MOTHER PREMIUM, hyper confort, tomb\u00e9 imp\u00e9cable. <\/p>\n<p data-rte-preserve-empty=\"true\">D\u00e9tail : 98% coton, 2% \u00e9lasthanne.<\/p>\n<p data-rte-preserve-empty=\"true\">Fabriqu\u00e9 \u00e0 Los Angeles<\/p>\n","protected":false},"excerpt":{"rendered":"<p>Le jean Tomcat Roller dans le wash I Confess, taille semi haute, coupe l\u00e9g\u00e8rement bootcut, jambe \u00e9vas\u00e9e. Coton sup\u00e9rieur MOTHER PREMIUM, hyper confort, tomb\u00e9 imp\u00e9cable. D\u00e9tail : 98% coton, 2% \u00e9lasthanne. Fabriqu\u00e9 \u00e0 Los Angeles<\/p>\n","protected":false},"featured_media":2135180,"comment_status":"open","ping_status":"closed","template":"","meta":[],"product_brand":[],"product_cat":[1756,1762],"product_tag":[2244],"acf":[],"_links":{"self":[{"href":"https:\/\/streetmarkets.fr\/app\/wp-json\/wp\/v2\/product\/2135179"}],"collection":[{"href":"https:\/\/streetmarkets.fr\/app\/wp-json\/wp\/v2\/product"}],"about":[{"href":"https:\/\/streetmarkets.fr\/app\/wp-json\/wp\/v2\/types\/product"}],"replies":[{"embeddable":true,"href":"https:\/\/streetmarkets.fr\/app\/wp-json\/wp\/v2\/comments?post=2135179"}],"wp:featuredmedia":[{"embeddable":true,"href":"https:\/\/streetmarkets.fr\/app\/wp-json\/wp\/v2\/media\/2135180"}],"wp:attachment":[{"href":"https:\/\/streetmarkets.fr\/app\/wp-json\/wp\/v2\/media?parent=2135179"}],"wp:term":[{"taxonomy":"product_brand","embeddable":true,"href":"https:\/\/streetmarkets.fr\/app\/wp-json\/wp\/v2\/product_brand?post=2135179"},{"taxonomy":"product_cat","embeddable":true,"href":"https:\/\/streetmarkets.fr\/app\/wp-json\/wp\/v2\/product_cat?post=2135179"},{"taxonomy":"product_tag","embeddable":true,"href":"https:\/\/streetmarkets.fr\/app\/wp-json\/wp\/v2\/product_tag?post=2135179"}],"curies":[{"name":"wp","href":"https:\/\/api.w.org\/{rel}","templated":true}]}}